{"id":193,"date":"2021-03-30T19:06:11","date_gmt":"2021-03-30T22:06:11","guid":{"rendered":"http:\/\/caiopalma.com\/almeida\/?page_id=193"},"modified":"2026-03-13T12:11:30","modified_gmt":"2026-03-13T15:11:30","slug":"sobre-nos","status":"publish","type":"page","link":"https:\/\/metalshopping.com.br\/metalshopping\/?page_id=193","title":{"rendered":"Sobre N\u00f3s"},"content":{"rendered":"<section class=\"l-section wpb_row height_medium with_slider with_overlay\"><div class=\"l-section-slider\">\n\t\t\t<!-- START sonre_n\u00f3s REVOLUTION SLIDER 6.4.5 --><p class=\"rs-p-wp-fix\"><\/p>\n\t\t\t<rs-module-wrap id=\"rev_slider_5_1_wrapper\" data-source=\"gallery\" style=\"background:transparent;padding:0;margin:0px auto;margin-top:0;margin-bottom:0;\">\n\t\t\t\t<rs-module id=\"rev_slider_5_1\" style=\"\" data-version=\"6.4.5\">\n\t\t\t\t\t<rs-slides>\n\t\t\t\t\t\t<rs-slide data-key=\"rs-9\" data-title=\"Slide\" data-in=\"o:0;\" data-out=\"a:false;\">\n\t\t\t\t\t\t\t<img loading=\"lazy\" decoding=\"async\" src=\"\/\/caiopalma.com\/metal_shopping\/wp-content\/uploads\/2021\/04\/01-2.jpg\" title=\"01\" width=\"1920\" height=\"1080\" class=\"rev-slidebg tp-rs-img\" data-no-retina>\n<!---->\t\t\t\t\t\t<\/rs-slide>\n\t\t\t\t\t\t<rs-slide data-key=\"rs-12\" data-title=\"Slide\" data-in=\"o:0;\" data-out=\"a:false;\">\n\t\t\t\t\t\t\t<img loading=\"lazy\" decoding=\"async\" src=\"\/\/caiopalma.com\/metal_shopping\/wp-content\/uploads\/2021\/04\/02-1.jpg\" title=\"02\" width=\"1920\" height=\"1080\" class=\"rev-slidebg tp-rs-img\" data-no-retina>\n<!---->\t\t\t\t\t\t<\/rs-slide>\n\t\t\t\t\t\t<rs-slide data-key=\"rs-13\" data-title=\"Slide\" data-in=\"o:0;\" data-out=\"a:false;\">\n\t\t\t\t\t\t\t<img loading=\"lazy\" decoding=\"async\" src=\"\/\/caiopalma.com\/metal_shopping\/wp-content\/uploads\/2021\/04\/03-1.jpg\" title=\"03\" width=\"1920\" height=\"1080\" class=\"rev-slidebg tp-rs-img\" data-no-retina>\n<!---->\t\t\t\t\t\t<\/rs-slide>\n\t\t\t\t\t<\/rs-slides>\n\t\t\t\t<\/rs-module>\n\t\t\t\t<script type=\"text\/javascript\">\n\t\t\t\t\tsetREVStartSize({c: 'rev_slider_5_1',rl:[1240,1024,778,480],el:[450,450,450,350],gw:[1240,1024,778,480],gh:[450,450,450,350],type:'standard',justify:'',layout:'fullwidth',mh:\"0\"});\n\t\t\t\t\tvar\trevapi5,\n\t\t\t\t\t\ttpj;\n\t\t\t\t\tfunction revinit_revslider51() {\n\t\t\t\t\tjQuery(function() {\n\t\t\t\t\t\ttpj = jQuery;\n\t\t\t\t\t\trevapi5 = tpj(\"#rev_slider_5_1\");\n\t\t\t\t\t\tif(revapi5==undefined || revapi5.revolution == undefined){\n\t\t\t\t\t\t\trevslider_showDoubleJqueryError(\"rev_slider_5_1\");\n\t\t\t\t\t\t}else{\n\t\t\t\t\t\t\trevapi5.revolution({\n\t\t\t\t\t\t\t\tsliderLayout:\"fullwidth\",\n\t\t\t\t\t\t\t\tvisibilityLevels:\"1240,1024,778,480\",\n\t\t\t\t\t\t\t\tgridwidth:\"1240,1024,778,480\",\n\t\t\t\t\t\t\t\tgridheight:\"450,450,450,350\",\n\t\t\t\t\t\t\t\tperspective:600,\n\t\t\t\t\t\t\t\tperspectiveType:\"global\",\n\t\t\t\t\t\t\t\teditorheight:\"450,450,450,350\",\n\t\t\t\t\t\t\t\tresponsiveLevels:\"1240,1024,778,480\",\n\t\t\t\t\t\t\t\tprogressBar:{disableProgressBar:true},\n\t\t\t\t\t\t\t\tnavigation: {\n\t\t\t\t\t\t\t\t\tonHoverStop:false\n\t\t\t\t\t\t\t\t},\n\t\t\t\t\t\t\t\tfallbacks: {\n\t\t\t\t\t\t\t\t\tallowHTML5AutoPlayOnAndroid:true\n\t\t\t\t\t\t\t\t},\n\t\t\t\t\t\t\t});\n\t\t\t\t\t\t}\n\t\t\t\t\t\t\n\t\t\t\t\t});\n\t\t\t\t\t} \/\/ End of RevInitScript\n\t\t\t\tvar once_revslider51 = false;\n\t\t\t\tif (document.readyState === \"loading\") {document.addEventListener('readystatechange',function() { if((document.readyState === \"interactive\" || document.readyState === \"complete\") && !once_revslider51 ) { once_revslider51 = true; revinit_revslider51();}});} else {once_revslider51 = true; revinit_revslider51();}\n\t\t\t\t<\/script>\n\t\t\t<\/rs-module-wrap>\n\t\t\t<!-- END REVOLUTION SLIDER -->\n<\/div><div class=\"l-section-overlay\" style=\"background: #333333\"><\/div><div class=\"l-section-h i-cf\"><div class=\"g-cols vc_row type_default valign_top\"><div class=\"vc_col-sm-12 wpb_column vc_column_container\"><div class=\"vc_column-inner\"><div class=\"wpb_wrapper\"><div class=\"w-image align_center animate_afb\"><div class=\"w-image-h\"><img decoding=\"async\" src=\"https:\/\/metalshopping.com.br\/metalshopping\/wp-content\/uploads\/2021\/04\/SOBRE-NOS.svg\" class=\"attachment-full size-full\" alt=\"\" \/><\/div><\/div><\/div><\/div><\/div><\/div><\/div><\/section><section class=\"l-section wpb_row height_medium\"><div class=\"l-section-h i-cf\"><div class=\"g-cols vc_row type_default valign_middle gap-10px\"><style>.g-cols.gap-10px{margin:0 calc(-1.5rem - 10px)}.gap-10px > .vc_column_container {padding:10px}<\/style><div class=\"vc_col-sm-6 wpb_column vc_column_container animate_afb\"><div class=\"vc_column-inner\"><div class=\"wpb_wrapper\"><div class=\"wpb_text_column\" ><div class=\"wpb_wrapper\"><p>Fundada em 2001, a Metal Shopping tem como principal objetivo o atendimento da demanda, no varejo e atacado, de ferro e a\u00e7o em todas as suas formas e apresenta\u00e7\u00f5es, a pre\u00e7os competitivos. Atuando em um per\u00edmetro de 80Km de Botucatu.<\/p>\n<p>Fornecendo produtos de qualidade, das melhores marcas, voltados a ind\u00fastria, constru\u00e7\u00e3o civil, agropecu\u00e1ria, serralheria, manuten\u00e7\u00e3o industrial, calderaria, etc.<\/p>\n<p>Oferecemos tamb\u00e9m, servi\u00e7os de corte e dobra de vergalh\u00f5es para constru\u00e7\u00e3o civil.<\/p>\n<p>Contamos com a melhor e maior estrutura, o mais variado estoque para pronta entrega e a maior gama de materiais comercializados de Botucatu e regi\u00e3o.<\/p>\n<\/div><\/div><\/div><\/div><\/div><div class=\"vc_col-sm-6 wpb_column vc_column_container animate_afb\" style=\"animation-delay:0.2s\"><div class=\"vc_column-inner us_custom_7c314053\"><div class=\"wpb_wrapper\"><div class=\"w-image style_shadow-2 align_center\"><div class=\"w-image-h\"><div class=\"w-image-shadow\" style=\"background-image:url(https:\/\/metalshopping.com.br\/metalshopping\/wp-content\/uploads\/2026\/03\/fachada-2.jpeg);\"><\/div><img loading=\"lazy\" decoding=\"async\" width=\"800\" height=\"800\" src=\"https:\/\/metalshopping.com.br\/metalshopping\/wp-content\/uploads\/2026\/03\/fachada-2.jpeg\" class=\"attachment-full size-full\" alt=\"\" srcset=\"https:\/\/metalshopping.com.br\/metalshopping\/wp-content\/uploads\/2026\/03\/fachada-2.jpeg 800w, https:\/\/metalshopping.com.br\/metalshopping\/wp-content\/uploads\/2026\/03\/fachada-2-300x300.jpeg 300w, https:\/\/metalshopping.com.br\/metalshopping\/wp-content\/uploads\/2026\/03\/fachada-2-150x150.jpeg 150w, https:\/\/metalshopping.com.br\/metalshopping\/wp-content\/uploads\/2026\/03\/fachada-2-600x600.jpeg 600w\" sizes=\"auto, (max-width: 800px) 100vw, 800px\" \/><\/div><\/div><div class=\"w-separator size_medium\"><\/div><\/div><\/div><\/div><\/div><\/div><\/section><section class=\"l-section wpb_row us_custom_e4eb24e1 height_medium\"><div class=\"l-section-h i-cf\"><div class=\"g-cols vc_row type_default valign_top\"><div class=\"vc_col-sm-12 wpb_column vc_column_container\"><div class=\"vc_column-inner\"><div class=\"wpb_wrapper\"><div class=\"w-grid type_carousel layout_gallery_default cols_5\" id=\"us_grid_1\"><style id=\"us_grid_1_css\">#us_grid_1 .owl-nav div{font-size:1.8rem}#us_grid_1 .w-grid-item{padding:1.5rem}#us_grid_1 .w-grid-list{margin:-1.5rem}.w-grid + #us_grid_1 .w-grid-list{margin-top:1.5rem}<\/style><style>.layout_gallery_default .w-grid-item-h{}<\/style><div class=\"w-grid-list owl-carousel navstyle_circle navpos_outside with_dots\" >\t<article class=\"w-grid-item post-1426 attachment type-attachment status-inherit hentry\" data-id=\"1426\">\n\t\t<div class=\"w-grid-item-h\">\n\t\t\t\t\t\t\t<a class=\"w-grid-item-anchor\" href=\"https:\/\/metalshopping.com.br\/metalshopping\/wp-content\/uploads\/2026\/03\/show-room.jpg\" ref=\"magnificPopupGrid\" title=\"show-room\"><\/a>\n\t\t\t\t\t\t<div class=\"w-post-elm post_image usg_post_image_1 stretched\"><img loading=\"lazy\" decoding=\"async\" width=\"600\" height=\"800\" src=\"https:\/\/metalshopping.com.br\/metalshopping\/wp-content\/uploads\/2026\/03\/show-room.jpg\" class=\"attachment-us_600_600_crop size-us_600_600_crop\" alt=\"\" srcset=\"https:\/\/metalshopping.com.br\/metalshopping\/wp-content\/uploads\/2026\/03\/show-room.jpg 600w, https:\/\/metalshopping.com.br\/metalshopping\/wp-content\/uploads\/2026\/03\/show-room-225x300.jpg 225w, https:\/\/metalshopping.com.br\/metalshopping\/wp-content\/uploads\/2026\/03\/show-room-450x600.jpg 450w\" sizes=\"auto, (max-width: 600px) 100vw, 600px\" \/><\/div>\t\t<\/div>\n\t<\/article>\n\t<article class=\"w-grid-item post-1425 attachment type-attachment status-inherit hentry\" data-id=\"1425\">\n\t\t<div class=\"w-grid-item-h\">\n\t\t\t\t\t\t\t<a class=\"w-grid-item-anchor\" href=\"https:\/\/metalshopping.com.br\/metalshopping\/wp-content\/uploads\/2026\/03\/recepcao1.jpg\" ref=\"magnificPopupGrid\" title=\"recepc\u0327a\u0303o1\"><\/a>\n\t\t\t\t\t\t<div class=\"w-post-elm post_image usg_post_image_1 stretched\"><img loading=\"lazy\" decoding=\"async\" width=\"600\" height=\"800\" src=\"https:\/\/metalshopping.com.br\/metalshopping\/wp-content\/uploads\/2026\/03\/recepcao1.jpg\" class=\"attachment-us_600_600_crop size-us_600_600_crop\" alt=\"\" srcset=\"https:\/\/metalshopping.com.br\/metalshopping\/wp-content\/uploads\/2026\/03\/recepcao1.jpg 600w, https:\/\/metalshopping.com.br\/metalshopping\/wp-content\/uploads\/2026\/03\/recepcao1-225x300.jpg 225w, https:\/\/metalshopping.com.br\/metalshopping\/wp-content\/uploads\/2026\/03\/recepcao1-450x600.jpg 450w\" sizes=\"auto, (max-width: 600px) 100vw, 600px\" \/><\/div>\t\t<\/div>\n\t<\/article>\n\t<article class=\"w-grid-item post-1424 attachment type-attachment status-inherit hentry\" data-id=\"1424\">\n\t\t<div class=\"w-grid-item-h\">\n\t\t\t\t\t\t\t<a class=\"w-grid-item-anchor\" href=\"https:\/\/metalshopping.com.br\/metalshopping\/wp-content\/uploads\/2026\/03\/recepca02.jpg\" ref=\"magnificPopupGrid\" title=\"recepca02\"><\/a>\n\t\t\t\t\t\t<div class=\"w-post-elm post_image usg_post_image_1 stretched\"><img loading=\"lazy\" decoding=\"async\" width=\"639\" height=\"800\" src=\"https:\/\/metalshopping.com.br\/metalshopping\/wp-content\/uploads\/2026\/03\/recepca02.jpg\" class=\"attachment-us_600_600_crop size-us_600_600_crop\" alt=\"\" srcset=\"https:\/\/metalshopping.com.br\/metalshopping\/wp-content\/uploads\/2026\/03\/recepca02.jpg 639w, https:\/\/metalshopping.com.br\/metalshopping\/wp-content\/uploads\/2026\/03\/recepca02-240x300.jpg 240w, https:\/\/metalshopping.com.br\/metalshopping\/wp-content\/uploads\/2026\/03\/recepca02-479x600.jpg 479w, https:\/\/metalshopping.com.br\/metalshopping\/wp-content\/uploads\/2026\/03\/recepca02-600x751.jpg 600w\" sizes=\"auto, (max-width: 639px) 100vw, 639px\" \/><\/div>\t\t<\/div>\n\t<\/article>\n\t<article class=\"w-grid-item post-1423 attachment type-attachment status-inherit hentry\" data-id=\"1423\">\n\t\t<div class=\"w-grid-item-h\">\n\t\t\t\t\t\t\t<a class=\"w-grid-item-anchor\" href=\"https:\/\/metalshopping.com.br\/metalshopping\/wp-content\/uploads\/2026\/03\/producao2.jpg\" ref=\"magnificPopupGrid\" title=\"produc\u0327a\u0303o2\"><\/a>\n\t\t\t\t\t\t<div class=\"w-post-elm post_image usg_post_image_1 stretched\"><img loading=\"lazy\" decoding=\"async\" width=\"600\" height=\"800\" src=\"https:\/\/metalshopping.com.br\/metalshopping\/wp-content\/uploads\/2026\/03\/producao2.jpg\" class=\"attachment-us_600_600_crop size-us_600_600_crop\" alt=\"\" srcset=\"https:\/\/metalshopping.com.br\/metalshopping\/wp-content\/uploads\/2026\/03\/producao2.jpg 600w, https:\/\/metalshopping.com.br\/metalshopping\/wp-content\/uploads\/2026\/03\/producao2-225x300.jpg 225w, https:\/\/metalshopping.com.br\/metalshopping\/wp-content\/uploads\/2026\/03\/producao2-450x600.jpg 450w\" sizes=\"auto, (max-width: 600px) 100vw, 600px\" \/><\/div>\t\t<\/div>\n\t<\/article>\n\t<article class=\"w-grid-item post-1422 attachment type-attachment status-inherit hentry\" data-id=\"1422\">\n\t\t<div class=\"w-grid-item-h\">\n\t\t\t\t\t\t\t<a class=\"w-grid-item-anchor\" href=\"https:\/\/metalshopping.com.br\/metalshopping\/wp-content\/uploads\/2026\/03\/producao1.jpg\" ref=\"magnificPopupGrid\" title=\"produc\u0327a\u0303o1\"><\/a>\n\t\t\t\t\t\t<div class=\"w-post-elm post_image usg_post_image_1 stretched\"><img loading=\"lazy\" decoding=\"async\" width=\"600\" height=\"800\" src=\"https:\/\/metalshopping.com.br\/metalshopping\/wp-content\/uploads\/2026\/03\/producao1.jpg\" class=\"attachment-us_600_600_crop size-us_600_600_crop\" alt=\"\" srcset=\"https:\/\/metalshopping.com.br\/metalshopping\/wp-content\/uploads\/2026\/03\/producao1.jpg 600w, https:\/\/metalshopping.com.br\/metalshopping\/wp-content\/uploads\/2026\/03\/producao1-225x300.jpg 225w, https:\/\/metalshopping.com.br\/metalshopping\/wp-content\/uploads\/2026\/03\/producao1-450x600.jpg 450w\" sizes=\"auto, (max-width: 600px) 100vw, 600px\" \/><\/div>\t\t<\/div>\n\t<\/article>\n<\/div><div class=\"g-preloader type_1\">\n\t<div><\/div>\n<\/div>\n\t<div class=\"w-grid-json hidden\" onclick='return {&quot;action&quot;:&quot;us_ajax_grid&quot;,&quot;ajax_url&quot;:&quot;https:\\\/\\\/metalshopping.com.br\\\/metalshopping\\\/wp-admin\\\/admin-ajax.php&quot;,&quot;infinite_scroll&quot;:0,&quot;max_num_pages&quot;:1,&quot;pagination&quot;:&quot;none&quot;,&quot;permalink_url&quot;:&quot;https:\\\/\\\/metalshopping.com.br\\\/metalshopping&quot;,&quot;template_vars&quot;:{&quot;columns&quot;:&quot;5&quot;,&quot;exclude_items&quot;:&quot;none&quot;,&quot;img_size&quot;:&quot;default&quot;,&quot;ignore_items_size&quot;:false,&quot;items_layout&quot;:&quot;gallery_default&quot;,&quot;items_offset&quot;:&quot;1&quot;,&quot;load_animation&quot;:&quot;none&quot;,&quot;overriding_link&quot;:&quot;popup_post_image&quot;,&quot;post_id&quot;:193,&quot;query_args&quot;:{&quot;post_type&quot;:[&quot;attachment&quot;],&quot;post__in&quot;:[&quot;1425&quot;,&quot;1426&quot;,&quot;1424&quot;,&quot;1422&quot;,&quot;1423&quot;],&quot;post_status&quot;:&quot;inherit&quot;,&quot;post_mime_type&quot;:&quot;image&quot;,&quot;posts_per_page&quot;:&quot;10&quot;},&quot;orderby_query_args&quot;:{&quot;orderby&quot;:{&quot;date&quot;:&quot;DESC&quot;}},&quot;type&quot;:&quot;carousel&quot;,&quot;us_grid_ajax_index&quot;:1,&quot;us_grid_filter_params&quot;:null,&quot;us_grid_index&quot;:1,&quot;_us_grid_post_type&quot;:&quot;attachment&quot;},&quot;carousel_settings&quot;:{&quot;autoHeight&quot;:0,&quot;autoplay&quot;:0,&quot;carousel_fade&quot;:0,&quot;center&quot;:0,&quot;dots&quot;:1,&quot;items&quot;:&quot;5&quot;,&quot;loop&quot;:false,&quot;nav&quot;:1,&quot;slideby&quot;:&quot;1&quot;,&quot;smooth_play&quot;:0,&quot;speed&quot;:250,&quot;timeout&quot;:3000,&quot;transition&quot;:&quot;&quot;},&quot;carousel_breakpoints&quot;:{&quot;1200&quot;:{&quot;items&quot;:5},&quot;900&quot;:{&quot;autoHeight&quot;:0,&quot;autoplay&quot;:1,&quot;autoplayHoverPause&quot;:1,&quot;items&quot;:3,&quot;loop&quot;:false},&quot;600&quot;:{&quot;autoHeight&quot;:0,&quot;autoplay&quot;:1,&quot;autoplayHoverPause&quot;:1,&quot;items&quot;:2,&quot;loop&quot;:false},&quot;0&quot;:{&quot;autoHeight&quot;:0,&quot;autoplay&quot;:1,&quot;autoplayHoverPause&quot;:1,&quot;items&quot;:2,&quot;loop&quot;:false}}}'><\/div>\n\t<\/div><\/div><\/div><\/div><\/div><\/div><\/section>\n","protected":false},"excerpt":{"rendered":"","protected":false},"author":1,"featured_media":0,"parent":0,"menu_order":0,"comment_status":"closed","ping_status":"closed","template":"","meta":{"footnotes":""},"class_list":["post-193","page","type-page","status-publish","hentry"],"_links":{"self":[{"href":"https:\/\/metalshopping.com.br\/metalshopping\/index.php?rest_route=\/wp\/v2\/pages\/193","targetHints":{"allow":["GET"]}}],"collection":[{"href":"https:\/\/metalshopping.com.br\/metalshopping\/index.php?rest_route=\/wp\/v2\/pages"}],"about":[{"href":"https:\/\/metalshopping.com.br\/metalshopping\/index.php?rest_route=\/wp\/v2\/types\/page"}],"author":[{"embeddable":true,"href":"https:\/\/metalshopping.com.br\/metalshopping\/index.php?rest_route=\/wp\/v2\/users\/1"}],"replies":[{"embeddable":true,"href":"https:\/\/metalshopping.com.br\/metalshopping\/index.php?rest_route=%2Fwp%2Fv2%2Fcomments&post=193"}],"version-history":[{"count":46,"href":"https:\/\/metalshopping.com.br\/metalshopping\/index.php?rest_route=\/wp\/v2\/pages\/193\/revisions"}],"predecessor-version":[{"id":1428,"href":"https:\/\/metalshopping.com.br\/metalshopping\/index.php?rest_route=\/wp\/v2\/pages\/193\/revisions\/1428"}],"wp:attachment":[{"href":"https:\/\/metalshopping.com.br\/metalshopping\/index.php?rest_route=%2Fwp%2Fv2%2Fmedia&parent=193"}],"curies":[{"name":"wp","href":"https:\/\/api.w.org\/{rel}","templated":true}]}}