{"id":1102,"date":"2023-01-24T17:34:55","date_gmt":"2023-01-24T20:34:55","guid":{"rendered":"https:\/\/metalshopping.com.br\/metalshopping\/?post_type=product&#038;p=1102"},"modified":"2026-03-13T11:13:36","modified_gmt":"2026-03-13T14:13:36","slug":"arame-recozido-torcido-18","status":"publish","type":"product","link":"https:\/\/metalshopping.com.br\/metalshopping\/?product=arame-recozido-torcido-18","title":{"rendered":"Arame Recozido torcido 18"},"content":{"rendered":"<p>O arame recozido torcido 18 \u00e9 utilizado para amarra\u00e7\u00f5es de armadura de concreto armado. Devido \u00e0 sua maleabilidade, \u00e9 de f\u00e1cil manuseio, garantindo assim a rapidez que voc\u00ea precisa para a sua obra. Possui alta resist\u00eancia contra rompimentos, visando assegurar a mais alta qualidade. <\/p>\n<p><strong>\u00c9 fornecido em rolos de 1 kg<\/strong><\/p>\n","protected":false},"excerpt":{"rendered":"<p>O arame recozido torcido 18 \u00e9 utilizado para amarra\u00e7\u00f5es de armadura de concreto armado. Devido \u00e0 sua maleabilidade, \u00e9 de f\u00e1cil manuseio, garantindo assim a rapidez que voc\u00ea precisa para a sua obra. Possui alta resist\u00eancia contra rompimentos, visando assegurar a mais alta qualidade. \u00c9 fornecido em rolos de 1 kg<\/p>\n","protected":false},"featured_media":1104,"template":"","meta":[],"product_cat":[19],"product_tag":[],"class_list":{"0":"post-1102","1":"product","2":"type-product","3":"status-publish","4":"has-post-thumbnail","6":"product_cat-arame","8":"first","9":"instock","10":"shipping-taxable","11":"product-type-simple"},"_links":{"self":[{"href":"https:\/\/metalshopping.com.br\/metalshopping\/index.php?rest_route=\/wp\/v2\/product\/1102","targetHints":{"allow":["GET"]}}],"collection":[{"href":"https:\/\/metalshopping.com.br\/metalshopping\/index.php?rest_route=\/wp\/v2\/product"}],"about":[{"href":"https:\/\/metalshopping.com.br\/metalshopping\/index.php?rest_route=\/wp\/v2\/types\/product"}],"wp:featuredmedia":[{"embeddable":true,"href":"https:\/\/metalshopping.com.br\/metalshopping\/index.php?rest_route=\/wp\/v2\/media\/1104"}],"wp:attachment":[{"href":"https:\/\/metalshopping.com.br\/metalshopping\/index.php?rest_route=%2Fwp%2Fv2%2Fmedia&parent=1102"}],"wp:term":[{"taxonomy":"product_cat","embeddable":true,"href":"https:\/\/metalshopping.com.br\/metalshopping\/index.php?rest_route=%2Fwp%2Fv2%2Fproduct_cat&post=1102"},{"taxonomy":"product_tag","embeddable":true,"href":"https:\/\/metalshopping.com.br\/metalshopping\/index.php?rest_route=%2Fwp%2Fv2%2Fproduct_tag&post=1102"}],"curies":[{"name":"wp","href":"https:\/\/api.w.org\/{rel}","templated":true}]}}