{"id":1105,"date":"2023-01-24T17:48:47","date_gmt":"2023-01-24T20:48:47","guid":{"rendered":"https:\/\/metalshopping.com.br\/metalshopping\/?post_type=product&#038;p=1105"},"modified":"2026-03-13T11:14:44","modified_gmt":"2026-03-13T14:14:44","slug":"arame-recozido-12","status":"publish","type":"product","link":"https:\/\/metalshopping.com.br\/metalshopping\/?product=arame-recozido-12","title":{"rendered":"Arame Recozido 12"},"content":{"rendered":"<p>O arame recozido 12 \u00e9 utilizado para amarra\u00e7\u00f5es de armaduras de concreto armado (caixarias). \u00c9 um material que possui alta resist\u00eancia e f\u00e1cil de trabalhar, devido ao seu elevado grau de maleabilidade.<\/p>\n<p><strong>\u00c9 fornecido em rolos de 1 kg<\/strong><\/p>\n","protected":false},"excerpt":{"rendered":"<p>O arame recozido 12 \u00e9 utilizado para amarra\u00e7\u00f5es de armaduras de concreto armado (caixarias). \u00c9 um material que possui alta resist\u00eancia e f\u00e1cil de trabalhar, devido ao seu elevado grau de maleabilidade. \u00c9 fornecido em rolos de 1 kg<\/p>\n","protected":false},"featured_media":1106,"template":"","meta":[],"product_cat":[19],"product_tag":[],"class_list":{"0":"post-1105","1":"product","2":"type-product","3":"status-publish","4":"has-post-thumbnail","6":"product_cat-arame","8":"first","9":"instock","10":"shipping-taxable","11":"product-type-simple"},"_links":{"self":[{"href":"https:\/\/metalshopping.com.br\/metalshopping\/index.php?rest_route=\/wp\/v2\/product\/1105","targetHints":{"allow":["GET"]}}],"collection":[{"href":"https:\/\/metalshopping.com.br\/metalshopping\/index.php?rest_route=\/wp\/v2\/product"}],"about":[{"href":"https:\/\/metalshopping.com.br\/metalshopping\/index.php?rest_route=\/wp\/v2\/types\/product"}],"wp:featuredmedia":[{"embeddable":true,"href":"https:\/\/metalshopping.com.br\/metalshopping\/index.php?rest_route=\/wp\/v2\/media\/1106"}],"wp:attachment":[{"href":"https:\/\/metalshopping.com.br\/metalshopping\/index.php?rest_route=%2Fwp%2Fv2%2Fmedia&parent=1105"}],"wp:term":[{"taxonomy":"product_cat","embeddable":true,"href":"https:\/\/metalshopping.com.br\/metalshopping\/index.php?rest_route=%2Fwp%2Fv2%2Fproduct_cat&post=1105"},{"taxonomy":"product_tag","embeddable":true,"href":"https:\/\/metalshopping.com.br\/metalshopping\/index.php?rest_route=%2Fwp%2Fv2%2Fproduct_tag&post=1105"}],"curies":[{"name":"wp","href":"https:\/\/api.w.org\/{rel}","templated":true}]}}