{"id":1148,"date":"2023-01-24T22:45:51","date_gmt":"2023-01-25T01:45:51","guid":{"rendered":"https:\/\/metalshopping.com.br\/metalshopping\/?post_type=product&#038;p=1148"},"modified":"2026-03-13T11:18:14","modified_gmt":"2026-03-13T14:18:14","slug":"arame-liso-12","status":"publish","type":"product","link":"https:\/\/metalshopping.com.br\/metalshopping\/?product=arame-liso-12","title":{"rendered":"Arame Liso 12"},"content":{"rendered":"<p><strong>Caracter\u00edsticas:<\/strong> superf\u00edcie lisa, mais duro e resistente \u00e0 tra\u00e7\u00e3o.<br \/>\n<strong>Uso:<\/strong> cercamentos, esticamentos de tela, arames farpados ou estruturas<br \/>\nque precisam de firmeza<\/p>\n<p><strong>\u00c9 fornecido em rolos de 1 kg<\/strong><\/p>\n","protected":false},"excerpt":{"rendered":"<p>Caracter\u00edsticas: superf\u00edcie lisa, mais duro e resistente \u00e0 tra\u00e7\u00e3o. Uso: cercamentos, esticamentos de tela, arames farpados ou estruturas que precisam de firmeza \u00c9 fornecido em rolos de 1 kg<\/p>\n","protected":false},"featured_media":583,"template":"","meta":[],"product_cat":[19,17],"product_tag":[],"class_list":{"0":"post-1148","1":"product","2":"type-product","3":"status-publish","4":"has-post-thumbnail","6":"product_cat-arame","7":"product_cat-construcao-civil","9":"first","10":"instock","11":"shipping-taxable","12":"product-type-simple"},"_links":{"self":[{"href":"https:\/\/metalshopping.com.br\/metalshopping\/index.php?rest_route=\/wp\/v2\/product\/1148","targetHints":{"allow":["GET"]}}],"collection":[{"href":"https:\/\/metalshopping.com.br\/metalshopping\/index.php?rest_route=\/wp\/v2\/product"}],"about":[{"href":"https:\/\/metalshopping.com.br\/metalshopping\/index.php?rest_route=\/wp\/v2\/types\/product"}],"wp:featuredmedia":[{"embeddable":true,"href":"https:\/\/metalshopping.com.br\/metalshopping\/index.php?rest_route=\/wp\/v2\/media\/583"}],"wp:attachment":[{"href":"https:\/\/metalshopping.com.br\/metalshopping\/index.php?rest_route=%2Fwp%2Fv2%2Fmedia&parent=1148"}],"wp:term":[{"taxonomy":"product_cat","embeddable":true,"href":"https:\/\/metalshopping.com.br\/metalshopping\/index.php?rest_route=%2Fwp%2Fv2%2Fproduct_cat&post=1148"},{"taxonomy":"product_tag","embeddable":true,"href":"https:\/\/metalshopping.com.br\/metalshopping\/index.php?rest_route=%2Fwp%2Fv2%2Fproduct_tag&post=1148"}],"curies":[{"name":"wp","href":"https:\/\/api.w.org\/{rel}","templated":true}]}}