{"id":1156,"date":"2023-01-25T08:46:42","date_gmt":"2023-01-25T11:46:42","guid":{"rendered":"https:\/\/metalshopping.com.br\/metalshopping\/?post_type=product&#038;p=1156"},"modified":"2023-03-20T18:23:37","modified_gmt":"2023-03-20T21:23:37","slug":"trelicas","status":"publish","type":"product","link":"https:\/\/metalshopping.com.br\/metalshopping\/?product=trelicas","title":{"rendered":"Treli\u00e7as"},"content":{"rendered":"<p>\u00c9 produzida com a\u00e7o CA60 nervurado em todos os fios de sua composi\u00e7\u00e3o, o que melhora muito a ader\u00eancia do concreto. Este material \u00e9 usado principalmente para lajes treli\u00e7adas, que superam grandes v\u00e3os e precisam aguentar cargas pesadas com pouco escoramento. As vantagens do uso da Treli\u00e7a na constru\u00e7\u00e3o s\u00e3o in\u00fameras, come\u00e7ando pelo fato de ser leve e de f\u00e1cil manuseio. Al\u00e9m disso, esse produto diminui o uso de formas e escoras, reduz m\u00e3o de obra e a montagem \u00e9 muito mais r\u00e1pida.<\/p>\n<p><strong>*Modelos dispon\u00edveis:<\/strong><\/p>\n<p><img loading=\"lazy\" decoding=\"async\" class=\"alignnone size-full wp-image-1328\" src=\"http:\/\/metalshopping.com.br\/metalshopping\/wp-content\/uploads\/2023\/01\/TRELICAS-1.png\" alt=\"\" width=\"875\" height=\"523\" srcset=\"https:\/\/metalshopping.com.br\/metalshopping\/wp-content\/uploads\/2023\/01\/TRELICAS-1.png 875w, https:\/\/metalshopping.com.br\/metalshopping\/wp-content\/uploads\/2023\/01\/TRELICAS-1-300x179.png 300w, https:\/\/metalshopping.com.br\/metalshopping\/wp-content\/uploads\/2023\/01\/TRELICAS-1-600x359.png 600w\" sizes=\"auto, (max-width: 875px) 100vw, 875px\" \/><\/p>\n","protected":false},"excerpt":{"rendered":"<p>\u00c9 produzida com a\u00e7o CA60 nervurado em todos os fios de sua composi\u00e7\u00e3o, o que melhora muito a ader\u00eancia do concreto. Este material \u00e9 usado principalmente para lajes treli\u00e7adas, que superam grandes v\u00e3os e precisam aguentar cargas pesadas com pouco escoramento. As vantagens do uso da Treli\u00e7a na constru\u00e7\u00e3o s\u00e3o in\u00fameras, come\u00e7ando pelo fato de&#8230;<\/p>\n","protected":false},"featured_media":607,"template":"","meta":[],"product_cat":[17,26],"product_tag":[],"class_list":{"0":"post-1156","1":"product","2":"type-product","3":"status-publish","4":"has-post-thumbnail","6":"product_cat-construcao-civil","7":"product_cat-trelicas","9":"first","10":"instock","11":"shipping-taxable","12":"product-type-simple"},"_links":{"self":[{"href":"https:\/\/metalshopping.com.br\/metalshopping\/index.php?rest_route=\/wp\/v2\/product\/1156","targetHints":{"allow":["GET"]}}],"collection":[{"href":"https:\/\/metalshopping.com.br\/metalshopping\/index.php?rest_route=\/wp\/v2\/product"}],"about":[{"href":"https:\/\/metalshopping.com.br\/metalshopping\/index.php?rest_route=\/wp\/v2\/types\/product"}],"wp:featuredmedia":[{"embeddable":true,"href":"https:\/\/metalshopping.com.br\/metalshopping\/index.php?rest_route=\/wp\/v2\/media\/607"}],"wp:attachment":[{"href":"https:\/\/metalshopping.com.br\/metalshopping\/index.php?rest_route=%2Fwp%2Fv2%2Fmedia&parent=1156"}],"wp:term":[{"taxonomy":"product_cat","embeddable":true,"href":"https:\/\/metalshopping.com.br\/metalshopping\/index.php?rest_route=%2Fwp%2Fv2%2Fproduct_cat&post=1156"},{"taxonomy":"product_tag","embeddable":true,"href":"https:\/\/metalshopping.com.br\/metalshopping\/index.php?rest_route=%2Fwp%2Fv2%2Fproduct_tag&post=1156"}],"curies":[{"name":"wp","href":"https:\/\/api.w.org\/{rel}","templated":true}]}}