{"id":1157,"date":"2023-01-25T09:02:16","date_gmt":"2023-01-25T12:02:16","guid":{"rendered":"https:\/\/metalshopping.com.br\/metalshopping\/?post_type=product&#038;p=1157"},"modified":"2023-03-21T12:29:46","modified_gmt":"2023-03-21T15:29:46","slug":"barra-chata","status":"publish","type":"product","link":"https:\/\/metalshopping.com.br\/metalshopping\/?product=barra-chata","title":{"rendered":"Barra Chata"},"content":{"rendered":"<p>A barra de ferro chata com se\u00e7\u00e3o transversal retangular possui superf\u00edcies lisas, sem cantos vivos. \u00c9 um produto extremamente vers\u00e1til, sendo empregadas principalmente em grades e port\u00f5es, esquadrias, implementos agr\u00edcolas e rodovi\u00e1rios em geral.<\/p>\n<p><strong>*Modelos dispon\u00edveis:<\/strong><\/p>\n<p><img loading=\"lazy\" decoding=\"async\" class=\"alignnone wp-image-1374 size-large\" src=\"http:\/\/metalshopping.com.br\/metalshopping\/wp-content\/uploads\/2023\/01\/BARRA-CHATA-TAB-646x1024.png\" alt=\"\" width=\"646\" height=\"1024\" srcset=\"https:\/\/metalshopping.com.br\/metalshopping\/wp-content\/uploads\/2023\/01\/BARRA-CHATA-TAB-646x1024.png 646w, https:\/\/metalshopping.com.br\/metalshopping\/wp-content\/uploads\/2023\/01\/BARRA-CHATA-TAB-189x300.png 189w, https:\/\/metalshopping.com.br\/metalshopping\/wp-content\/uploads\/2023\/01\/BARRA-CHATA-TAB-378x600.png 378w, https:\/\/metalshopping.com.br\/metalshopping\/wp-content\/uploads\/2023\/01\/BARRA-CHATA-TAB-600x952.png 600w, https:\/\/metalshopping.com.br\/metalshopping\/wp-content\/uploads\/2023\/01\/BARRA-CHATA-TAB.png 1124w\" sizes=\"auto, (max-width: 646px) 100vw, 646px\" \/><\/p>\n","protected":false},"excerpt":{"rendered":"<p>A barra de ferro chata com se\u00e7\u00e3o transversal retangular possui superf\u00edcies lisas, sem cantos vivos. \u00c9 um produto extremamente vers\u00e1til, sendo empregadas principalmente em grades e port\u00f5es, esquadrias, implementos agr\u00edcolas e rodovi\u00e1rios em geral. *Modelos dispon\u00edveis:<\/p>\n","protected":false},"featured_media":899,"template":"","meta":[],"product_cat":[30,29],"product_tag":[],"class_list":{"0":"post-1157","1":"product","2":"type-product","3":"status-publish","4":"has-post-thumbnail","6":"product_cat-barra-chata","7":"product_cat-industria","9":"first","10":"instock","11":"shipping-taxable","12":"product-type-simple"},"_links":{"self":[{"href":"https:\/\/metalshopping.com.br\/metalshopping\/index.php?rest_route=\/wp\/v2\/product\/1157","targetHints":{"allow":["GET"]}}],"collection":[{"href":"https:\/\/metalshopping.com.br\/metalshopping\/index.php?rest_route=\/wp\/v2\/product"}],"about":[{"href":"https:\/\/metalshopping.com.br\/metalshopping\/index.php?rest_route=\/wp\/v2\/types\/product"}],"wp:featuredmedia":[{"embeddable":true,"href":"https:\/\/metalshopping.com.br\/metalshopping\/index.php?rest_route=\/wp\/v2\/media\/899"}],"wp:attachment":[{"href":"https:\/\/metalshopping.com.br\/metalshopping\/index.php?rest_route=%2Fwp%2Fv2%2Fmedia&parent=1157"}],"wp:term":[{"taxonomy":"product_cat","embeddable":true,"href":"https:\/\/metalshopping.com.br\/metalshopping\/index.php?rest_route=%2Fwp%2Fv2%2Fproduct_cat&post=1157"},{"taxonomy":"product_tag","embeddable":true,"href":"https:\/\/metalshopping.com.br\/metalshopping\/index.php?rest_route=%2Fwp%2Fv2%2Fproduct_tag&post=1157"}],"curies":[{"name":"wp","href":"https:\/\/api.w.org\/{rel}","templated":true}]}}