{"id":1158,"date":"2023-01-25T09:03:51","date_gmt":"2023-01-25T12:03:51","guid":{"rendered":"https:\/\/metalshopping.com.br\/metalshopping\/?post_type=product&#038;p=1158"},"modified":"2023-03-21T11:20:36","modified_gmt":"2023-03-21T14:20:36","slug":"barra-redonda","status":"publish","type":"product","link":"https:\/\/metalshopping.com.br\/metalshopping\/?product=barra-redonda","title":{"rendered":"Barra Redonda"},"content":{"rendered":"<p>A base com se\u00e7\u00e3o circular com variedade de bitolas garante a qualidade do produto final, al\u00e9m de facilitar na hora de fazer encaixes e ajustes. \u00c9 empregada principalmente em grades e port\u00f5es, na fabrica\u00e7\u00e3o de eixos e ferramentas, m\u00e1quinas, trefila\u00e7\u00e3o, entre outras.<\/p>\n<p><strong>*Modelos dispon\u00edveis:<\/strong><\/p>\n<p><img loading=\"lazy\" decoding=\"async\" class=\"alignnone wp-image-1367 size-medium\" src=\"http:\/\/metalshopping.com.br\/metalshopping\/wp-content\/uploads\/2023\/01\/BARRA-REDONDA-1-300x233.png\" alt=\"\" width=\"300\" height=\"233\" srcset=\"https:\/\/metalshopping.com.br\/metalshopping\/wp-content\/uploads\/2023\/01\/BARRA-REDONDA-1-300x233.png 300w, https:\/\/metalshopping.com.br\/metalshopping\/wp-content\/uploads\/2023\/01\/BARRA-REDONDA-1-600x466.png 600w, https:\/\/metalshopping.com.br\/metalshopping\/wp-content\/uploads\/2023\/01\/BARRA-REDONDA-1.png 612w\" sizes=\"auto, (max-width: 300px) 100vw, 300px\" \/><\/p>\n","protected":false},"excerpt":{"rendered":"<p>A base com se\u00e7\u00e3o circular com variedade de bitolas garante a qualidade do produto final, al\u00e9m de facilitar na hora de fazer encaixes e ajustes. \u00c9 empregada principalmente em grades e port\u00f5es, na fabrica\u00e7\u00e3o de eixos e ferramentas, m\u00e1quinas, trefila\u00e7\u00e3o, entre outras. *Modelos dispon\u00edveis:<\/p>\n","protected":false},"featured_media":669,"template":"","meta":[],"product_cat":[31,29],"product_tag":[],"class_list":{"0":"post-1158","1":"product","2":"type-product","3":"status-publish","4":"has-post-thumbnail","6":"product_cat-barra-redonda","7":"product_cat-industria","9":"first","10":"instock","11":"shipping-taxable","12":"product-type-simple"},"_links":{"self":[{"href":"https:\/\/metalshopping.com.br\/metalshopping\/index.php?rest_route=\/wp\/v2\/product\/1158","targetHints":{"allow":["GET"]}}],"collection":[{"href":"https:\/\/metalshopping.com.br\/metalshopping\/index.php?rest_route=\/wp\/v2\/product"}],"about":[{"href":"https:\/\/metalshopping.com.br\/metalshopping\/index.php?rest_route=\/wp\/v2\/types\/product"}],"wp:featuredmedia":[{"embeddable":true,"href":"https:\/\/metalshopping.com.br\/metalshopping\/index.php?rest_route=\/wp\/v2\/media\/669"}],"wp:attachment":[{"href":"https:\/\/metalshopping.com.br\/metalshopping\/index.php?rest_route=%2Fwp%2Fv2%2Fmedia&parent=1158"}],"wp:term":[{"taxonomy":"product_cat","embeddable":true,"href":"https:\/\/metalshopping.com.br\/metalshopping\/index.php?rest_route=%2Fwp%2Fv2%2Fproduct_cat&post=1158"},{"taxonomy":"product_tag","embeddable":true,"href":"https:\/\/metalshopping.com.br\/metalshopping\/index.php?rest_route=%2Fwp%2Fv2%2Fproduct_tag&post=1158"}],"curies":[{"name":"wp","href":"https:\/\/api.w.org\/{rel}","templated":true}]}}