{"id":1163,"date":"2023-01-25T09:08:20","date_gmt":"2023-01-25T12:08:20","guid":{"rendered":"https:\/\/metalshopping.com.br\/metalshopping\/?post_type=product&#038;p=1163"},"modified":"2023-03-21T13:14:46","modified_gmt":"2023-03-21T16:14:46","slug":"chapas-de-aco-carbono","status":"publish","type":"product","link":"https:\/\/metalshopping.com.br\/metalshopping\/?product=chapas-de-aco-carbono","title":{"rendered":"Chapas de A\u00e7o Carbono"},"content":{"rendered":"<p>Temos chapas de diversas espessuras, s\u00e3o destinadas para aplica\u00e7\u00e3o de uso geral como: estampagem, serralheria, constru\u00e7\u00e3o mec\u00e2nica e fabrica\u00e7\u00e3o de tubos, segmentos automotivos, constru\u00e7\u00e3o civil e em outras diversas aplica\u00e7\u00f5es.<\/p>\n<p>Cortamos e dobramos chapas sob medida.<\/p>\n<p><strong>*Modelos dispon\u00edveis:<\/strong><\/p>\n<p><img loading=\"lazy\" decoding=\"async\" class=\"alignnone wp-image-1378 size-us_600_600\" src=\"http:\/\/metalshopping.com.br\/metalshopping\/wp-content\/uploads\/2023\/01\/CHAPA-TAB-600x587.png\" alt=\"\" width=\"600\" height=\"587\" srcset=\"https:\/\/metalshopping.com.br\/metalshopping\/wp-content\/uploads\/2023\/01\/CHAPA-TAB-600x587.png 600w, https:\/\/metalshopping.com.br\/metalshopping\/wp-content\/uploads\/2023\/01\/CHAPA-TAB-300x293.png 300w, https:\/\/metalshopping.com.br\/metalshopping\/wp-content\/uploads\/2023\/01\/CHAPA-TAB-1024x1001.png 1024w, https:\/\/metalshopping.com.br\/metalshopping\/wp-content\/uploads\/2023\/01\/CHAPA-TAB.png 1124w\" sizes=\"auto, (max-width: 600px) 100vw, 600px\" \/><\/p>\n<p>&nbsp;<\/p>\n","protected":false},"excerpt":{"rendered":"<p>Temos chapas de diversas espessuras, s\u00e3o destinadas para aplica\u00e7\u00e3o de uso geral como: estampagem, serralheria, constru\u00e7\u00e3o mec\u00e2nica e fabrica\u00e7\u00e3o de tubos, segmentos automotivos, constru\u00e7\u00e3o civil e em outras diversas aplica\u00e7\u00f5es. Cortamos e dobramos chapas sob medida. *Modelos dispon\u00edveis: &nbsp;<\/p>\n","protected":false},"featured_media":1164,"template":"","meta":[],"product_cat":[34,29],"product_tag":[],"class_list":{"0":"post-1163","1":"product","2":"type-product","3":"status-publish","4":"has-post-thumbnail","6":"product_cat-chapas-de-aco-carbono","7":"product_cat-industria","9":"first","10":"instock","11":"shipping-taxable","12":"product-type-simple"},"_links":{"self":[{"href":"https:\/\/metalshopping.com.br\/metalshopping\/index.php?rest_route=\/wp\/v2\/product\/1163","targetHints":{"allow":["GET"]}}],"collection":[{"href":"https:\/\/metalshopping.com.br\/metalshopping\/index.php?rest_route=\/wp\/v2\/product"}],"about":[{"href":"https:\/\/metalshopping.com.br\/metalshopping\/index.php?rest_route=\/wp\/v2\/types\/product"}],"wp:featuredmedia":[{"embeddable":true,"href":"https:\/\/metalshopping.com.br\/metalshopping\/index.php?rest_route=\/wp\/v2\/media\/1164"}],"wp:attachment":[{"href":"https:\/\/metalshopping.com.br\/metalshopping\/index.php?rest_route=%2Fwp%2Fv2%2Fmedia&parent=1163"}],"wp:term":[{"taxonomy":"product_cat","embeddable":true,"href":"https:\/\/metalshopping.com.br\/metalshopping\/index.php?rest_route=%2Fwp%2Fv2%2Fproduct_cat&post=1163"},{"taxonomy":"product_tag","embeddable":true,"href":"https:\/\/metalshopping.com.br\/metalshopping\/index.php?rest_route=%2Fwp%2Fv2%2Fproduct_tag&post=1163"}],"curies":[{"name":"wp","href":"https:\/\/api.w.org\/{rel}","templated":true}]}}