{"id":1171,"date":"2023-01-25T09:23:50","date_gmt":"2023-01-25T12:23:50","guid":{"rendered":"https:\/\/metalshopping.com.br\/metalshopping\/?post_type=product&#038;p=1171"},"modified":"2023-03-21T08:44:01","modified_gmt":"2023-03-21T11:44:01","slug":"perfil-dobrado-chapa-lambril","status":"publish","type":"product","link":"https:\/\/metalshopping.com.br\/metalshopping\/?product=perfil-dobrado-chapa-lambril","title":{"rendered":"Perfil Dobrado \/ Chapa Lambril"},"content":{"rendered":"<p>Chapa Lambril \u00e9 o principal e mais indicado material para a confec\u00e7\u00e3o de port\u00f5es. Al\u00e9m de garantir a seguran\u00e7a de maneira eficiente, traz ao cliente uma est\u00e9tica sofisticada.<\/p>\n<p>\u00c9 tamb\u00e9m muito utilizada por serralherias para confec\u00e7\u00e3o de port\u00f5es residenciais e comerciais. Atende aos mais exigentes padr\u00f5es de qualidade, servindo para qualquer estrutura, levando inova\u00e7\u00e3o, alta produtividade, redu\u00e7\u00e3o de custos, praticidade e agilidade nas etapas de execu\u00e7\u00e3o do projeto.<\/p>\n<p><strong>*Modelos dispon\u00edveis:<\/strong><\/p>\n<p><img loading=\"lazy\" decoding=\"async\" class=\"alignnone size-full wp-image-1354\" src=\"http:\/\/metalshopping.com.br\/metalshopping\/wp-content\/uploads\/2023\/01\/painel-lombril-tab.png\" alt=\"\" width=\"1130\" height=\"356\" srcset=\"https:\/\/metalshopping.com.br\/metalshopping\/wp-content\/uploads\/2023\/01\/painel-lombril-tab.png 1130w, https:\/\/metalshopping.com.br\/metalshopping\/wp-content\/uploads\/2023\/01\/painel-lombril-tab-300x95.png 300w, https:\/\/metalshopping.com.br\/metalshopping\/wp-content\/uploads\/2023\/01\/painel-lombril-tab-1024x323.png 1024w, https:\/\/metalshopping.com.br\/metalshopping\/wp-content\/uploads\/2023\/01\/painel-lombril-tab-600x189.png 600w\" sizes=\"auto, (max-width: 1130px) 100vw, 1130px\" \/><\/p>\n","protected":false},"excerpt":{"rendered":"<p>Chapa Lambril \u00e9 o principal e mais indicado material para a confec\u00e7\u00e3o de port\u00f5es. Al\u00e9m de garantir a seguran\u00e7a de maneira eficiente, traz ao cliente uma est\u00e9tica sofisticada. \u00c9 tamb\u00e9m muito utilizada por serralherias para confec\u00e7\u00e3o de port\u00f5es residenciais e comerciais. Atende aos mais exigentes padr\u00f5es de qualidade, servindo para qualquer estrutura, levando inova\u00e7\u00e3o, alta&#8230;<\/p>\n","protected":false},"featured_media":1172,"template":"","meta":[],"product_cat":[29,37],"product_tag":[],"class_list":{"0":"post-1171","1":"product","2":"type-product","3":"status-publish","4":"has-post-thumbnail","6":"product_cat-industria","7":"product_cat-perfil-dobrado-chapa-lambril","9":"first","10":"instock","11":"shipping-taxable","12":"product-type-simple"},"_links":{"self":[{"href":"https:\/\/metalshopping.com.br\/metalshopping\/index.php?rest_route=\/wp\/v2\/product\/1171","targetHints":{"allow":["GET"]}}],"collection":[{"href":"https:\/\/metalshopping.com.br\/metalshopping\/index.php?rest_route=\/wp\/v2\/product"}],"about":[{"href":"https:\/\/metalshopping.com.br\/metalshopping\/index.php?rest_route=\/wp\/v2\/types\/product"}],"wp:featuredmedia":[{"embeddable":true,"href":"https:\/\/metalshopping.com.br\/metalshopping\/index.php?rest_route=\/wp\/v2\/media\/1172"}],"wp:attachment":[{"href":"https:\/\/metalshopping.com.br\/metalshopping\/index.php?rest_route=%2Fwp%2Fv2%2Fmedia&parent=1171"}],"wp:term":[{"taxonomy":"product_cat","embeddable":true,"href":"https:\/\/metalshopping.com.br\/metalshopping\/index.php?rest_route=%2Fwp%2Fv2%2Fproduct_cat&post=1171"},{"taxonomy":"product_tag","embeddable":true,"href":"https:\/\/metalshopping.com.br\/metalshopping\/index.php?rest_route=%2Fwp%2Fv2%2Fproduct_tag&post=1171"}],"curies":[{"name":"wp","href":"https:\/\/api.w.org\/{rel}","templated":true}]}}