{"id":1174,"date":"2023-01-25T09:28:55","date_gmt":"2023-01-25T12:28:55","guid":{"rendered":"https:\/\/metalshopping.com.br\/metalshopping\/?post_type=product&#038;p=1174"},"modified":"2023-03-31T16:28:11","modified_gmt":"2023-03-31T19:28:11","slug":"perfil-dobrado-trilhos-stanley","status":"publish","type":"product","link":"https:\/\/metalshopping.com.br\/metalshopping\/?product=perfil-dobrado-trilhos-stanley","title":{"rendered":"Trilhos Stanley"},"content":{"rendered":"<p>O Trilho Stanley \u00e9 bastante utilizado em port\u00f5es, portas, janelas, al\u00e7ap\u00f5es e boxes de correr para a abertura e fechamento. Tamb\u00e9m \u00e9 comum seu uso em portas de m\u00f3veis e em estruturas com vidros temperados, permitindo grande abertura do v\u00e3o, o que acaba otimizando os espa\u00e7os.<\/p>\n","protected":false},"excerpt":{"rendered":"<p>O Trilho Stanley \u00e9 bastante utilizado em port\u00f5es, portas, janelas, al\u00e7ap\u00f5es e boxes de correr para a abertura e fechamento. Tamb\u00e9m \u00e9 comum seu uso em portas de m\u00f3veis e em estruturas com vidros temperados, permitindo grande abertura do v\u00e3o, o que acaba otimizando os espa\u00e7os.<\/p>\n","protected":false},"featured_media":1177,"template":"","meta":[],"product_cat":[29,38],"product_tag":[],"class_list":{"0":"post-1174","1":"product","2":"type-product","3":"status-publish","4":"has-post-thumbnail","6":"product_cat-industria","7":"product_cat-perfil-dobrado-trilhos-stanley","9":"first","10":"instock","11":"shipping-taxable","12":"product-type-simple"},"_links":{"self":[{"href":"https:\/\/metalshopping.com.br\/metalshopping\/index.php?rest_route=\/wp\/v2\/product\/1174","targetHints":{"allow":["GET"]}}],"collection":[{"href":"https:\/\/metalshopping.com.br\/metalshopping\/index.php?rest_route=\/wp\/v2\/product"}],"about":[{"href":"https:\/\/metalshopping.com.br\/metalshopping\/index.php?rest_route=\/wp\/v2\/types\/product"}],"wp:featuredmedia":[{"embeddable":true,"href":"https:\/\/metalshopping.com.br\/metalshopping\/index.php?rest_route=\/wp\/v2\/media\/1177"}],"wp:attachment":[{"href":"https:\/\/metalshopping.com.br\/metalshopping\/index.php?rest_route=%2Fwp%2Fv2%2Fmedia&parent=1174"}],"wp:term":[{"taxonomy":"product_cat","embeddable":true,"href":"https:\/\/metalshopping.com.br\/metalshopping\/index.php?rest_route=%2Fwp%2Fv2%2Fproduct_cat&post=1174"},{"taxonomy":"product_tag","embeddable":true,"href":"https:\/\/metalshopping.com.br\/metalshopping\/index.php?rest_route=%2Fwp%2Fv2%2Fproduct_tag&post=1174"}],"curies":[{"name":"wp","href":"https:\/\/api.w.org\/{rel}","templated":true}]}}