{"id":1185,"date":"2023-01-25T09:40:59","date_gmt":"2023-01-25T12:40:59","guid":{"rendered":"https:\/\/metalshopping.com.br\/metalshopping\/?post_type=product&#038;p=1185"},"modified":"2023-03-20T21:57:22","modified_gmt":"2023-03-21T00:57:22","slug":"tubos-redondos","status":"publish","type":"product","link":"https:\/\/metalshopping.com.br\/metalshopping\/?product=tubos-redondos","title":{"rendered":"Tubos Redondos"},"content":{"rendered":"<p>O Tubo Industrial Redondo \u00e9 fornecido em diferentes tamanhos com o objetivo de atender demandas variadas. Na constru\u00e7\u00e3o civil esse material \u00e9 utilizado para fazer estruturas met\u00e1licas e suportes diversos.<\/p>\n<p>Em serralherias o Tudo Industrial Redondo \u00e9 empregado na fabrica\u00e7\u00e3o de port\u00f5es, corrim\u00e3os, grades, parapeitos, entre outros.<\/p>\n<p>Existe ainda a demanda industrial pelo Tudo Industrial Redondo.<\/p>\n<p>O setor moveleiro costuma aplicar esse produto para fabricar cadeiras, mesas e objetos decorativos em geral. Tamb\u00e9m \u00e9 bastante solicitado para a confec\u00e7\u00e3o de bicicletas e patinetes, por exemplo.<\/p>\n<p>Com muita criatividade, designers, arquitetos e artistas pl\u00e1sticos costumam usar o Tudo Industrial Redondo para criar artigos de decora\u00e7\u00e3o, obras de artes e at\u00e9 mobili\u00e1rios no estilo industrial.<\/p>\n<p>Vendido em comprimento de 6 metros.<\/p>\n<p><strong>*Modelos dispon\u00edveis:<\/strong><\/p>\n<p><img loading=\"lazy\" decoding=\"async\" class=\"alignnone size-full wp-image-1342\" src=\"http:\/\/metalshopping.com.br\/metalshopping\/wp-content\/uploads\/2023\/01\/TUBOS-REDONDOS.png\" alt=\"\" width=\"1136\" height=\"1825\" srcset=\"https:\/\/metalshopping.com.br\/metalshopping\/wp-content\/uploads\/2023\/01\/TUBOS-REDONDOS.png 1136w, https:\/\/metalshopping.com.br\/metalshopping\/wp-content\/uploads\/2023\/01\/TUBOS-REDONDOS-187x300.png 187w, https:\/\/metalshopping.com.br\/metalshopping\/wp-content\/uploads\/2023\/01\/TUBOS-REDONDOS-637x1024.png 637w, https:\/\/metalshopping.com.br\/metalshopping\/wp-content\/uploads\/2023\/01\/TUBOS-REDONDOS-373x600.png 373w, https:\/\/metalshopping.com.br\/metalshopping\/wp-content\/uploads\/2023\/01\/TUBOS-REDONDOS-600x964.png 600w\" sizes=\"auto, (max-width: 1136px) 100vw, 1136px\" \/><\/p>\n","protected":false},"excerpt":{"rendered":"<p>O Tubo Industrial Redondo \u00e9 fornecido em diferentes tamanhos com o objetivo de atender demandas variadas. Na constru\u00e7\u00e3o civil esse material \u00e9 utilizado para fazer estruturas met\u00e1licas e suportes diversos. Em serralherias o Tudo Industrial Redondo \u00e9 empregado na fabrica\u00e7\u00e3o de port\u00f5es, corrim\u00e3os, grades, parapeitos, entre outros. Existe ainda a demanda industrial pelo Tudo Industrial&#8230;<\/p>\n","protected":false},"featured_media":1186,"template":"","meta":[],"product_cat":[29,42],"product_tag":[],"class_list":{"0":"post-1185","1":"product","2":"type-product","3":"status-publish","4":"has-post-thumbnail","6":"product_cat-industria","7":"product_cat-tubos-redondos","9":"first","10":"instock","11":"shipping-taxable","12":"product-type-simple"},"_links":{"self":[{"href":"https:\/\/metalshopping.com.br\/metalshopping\/index.php?rest_route=\/wp\/v2\/product\/1185","targetHints":{"allow":["GET"]}}],"collection":[{"href":"https:\/\/metalshopping.com.br\/metalshopping\/index.php?rest_route=\/wp\/v2\/product"}],"about":[{"href":"https:\/\/metalshopping.com.br\/metalshopping\/index.php?rest_route=\/wp\/v2\/types\/product"}],"wp:featuredmedia":[{"embeddable":true,"href":"https:\/\/metalshopping.com.br\/metalshopping\/index.php?rest_route=\/wp\/v2\/media\/1186"}],"wp:attachment":[{"href":"https:\/\/metalshopping.com.br\/metalshopping\/index.php?rest_route=%2Fwp%2Fv2%2Fmedia&parent=1185"}],"wp:term":[{"taxonomy":"product_cat","embeddable":true,"href":"https:\/\/metalshopping.com.br\/metalshopping\/index.php?rest_route=%2Fwp%2Fv2%2Fproduct_cat&post=1185"},{"taxonomy":"product_tag","embeddable":true,"href":"https:\/\/metalshopping.com.br\/metalshopping\/index.php?rest_route=%2Fwp%2Fv2%2Fproduct_tag&post=1185"}],"curies":[{"name":"wp","href":"https:\/\/api.w.org\/{rel}","templated":true}]}}