{"id":1187,"date":"2023-01-25T09:42:35","date_gmt":"2023-01-25T12:42:35","guid":{"rendered":"https:\/\/metalshopping.com.br\/metalshopping\/?post_type=product&#038;p=1187"},"modified":"2023-03-20T22:14:55","modified_gmt":"2023-03-21T01:14:55","slug":"tubos-retangulares","status":"publish","type":"product","link":"https:\/\/metalshopping.com.br\/metalshopping\/?product=tubos-retangulares","title":{"rendered":"Tubos Retangulares"},"content":{"rendered":"<p>O Tubo Industrial Retangular \u00e9 fornecido em diferentes tamanhos, com a finalidade de atender diversas demandas. Em serralherias, o tubo quadrado \u00e9 empregado na fabrica\u00e7\u00e3o de port\u00f5es, corrim\u00e3os, gradis e parapeitos.<\/p>\n<p>Na constru\u00e7\u00e3o civil, por exemplo, o Tubo Industrial Retangular \u00e9 usado para fazer estruturas met\u00e1licas de telhados e suportes diversos. Tamb\u00e9m existe a demanda da ind\u00fastria pelo tubo retangular. O setor moveleiro costuma aplicar esse produto para fabricar m\u00f3veis escolares, m\u00f3veis para escrit\u00f3rio e objetos decorativos em geral.<\/p>\n<p>Al\u00e9m disso, arquitetos, designers e artistas pl\u00e1sticos usam o Tubo Industrial Retangular para criar artigos decorativos, obras de artes e at\u00e9 mobili\u00e1rios no estilo industrial.<\/p>\n<p>Vendido em comprimento de 6 metros.<\/p>\n<p><strong>*Modelos dispon\u00edveis:<\/strong><\/p>\n<p><img loading=\"lazy\" decoding=\"async\" class=\"alignnone size-full wp-image-1343\" src=\"http:\/\/metalshopping.com.br\/metalshopping\/wp-content\/uploads\/2023\/01\/TUBO-RETANGULAR-1.png\" alt=\"\" width=\"1387\" height=\"1325\" srcset=\"https:\/\/metalshopping.com.br\/metalshopping\/wp-content\/uploads\/2023\/01\/TUBO-RETANGULAR-1.png 1387w, https:\/\/metalshopping.com.br\/metalshopping\/wp-content\/uploads\/2023\/01\/TUBO-RETANGULAR-1-300x287.png 300w, https:\/\/metalshopping.com.br\/metalshopping\/wp-content\/uploads\/2023\/01\/TUBO-RETANGULAR-1-1024x978.png 1024w, https:\/\/metalshopping.com.br\/metalshopping\/wp-content\/uploads\/2023\/01\/TUBO-RETANGULAR-1-600x573.png 600w\" sizes=\"auto, (max-width: 1387px) 100vw, 1387px\" \/><\/p>\n","protected":false},"excerpt":{"rendered":"<p>O Tubo Industrial Retangular \u00e9 fornecido em diferentes tamanhos, com a finalidade de atender diversas demandas. Em serralherias, o tubo quadrado \u00e9 empregado na fabrica\u00e7\u00e3o de port\u00f5es, corrim\u00e3os, gradis e parapeitos. Na constru\u00e7\u00e3o civil, por exemplo, o Tubo Industrial Retangular \u00e9 usado para fazer estruturas met\u00e1licas de telhados e suportes diversos. Tamb\u00e9m existe a demanda&#8230;<\/p>\n","protected":false},"featured_media":1188,"template":"","meta":[],"product_cat":[29,43],"product_tag":[],"class_list":{"0":"post-1187","1":"product","2":"type-product","3":"status-publish","4":"has-post-thumbnail","6":"product_cat-industria","7":"product_cat-tubos-retangulares","9":"first","10":"instock","11":"shipping-taxable","12":"product-type-simple"},"_links":{"self":[{"href":"https:\/\/metalshopping.com.br\/metalshopping\/index.php?rest_route=\/wp\/v2\/product\/1187","targetHints":{"allow":["GET"]}}],"collection":[{"href":"https:\/\/metalshopping.com.br\/metalshopping\/index.php?rest_route=\/wp\/v2\/product"}],"about":[{"href":"https:\/\/metalshopping.com.br\/metalshopping\/index.php?rest_route=\/wp\/v2\/types\/product"}],"wp:featuredmedia":[{"embeddable":true,"href":"https:\/\/metalshopping.com.br\/metalshopping\/index.php?rest_route=\/wp\/v2\/media\/1188"}],"wp:attachment":[{"href":"https:\/\/metalshopping.com.br\/metalshopping\/index.php?rest_route=%2Fwp%2Fv2%2Fmedia&parent=1187"}],"wp:term":[{"taxonomy":"product_cat","embeddable":true,"href":"https:\/\/metalshopping.com.br\/metalshopping\/index.php?rest_route=%2Fwp%2Fv2%2Fproduct_cat&post=1187"},{"taxonomy":"product_tag","embeddable":true,"href":"https:\/\/metalshopping.com.br\/metalshopping\/index.php?rest_route=%2Fwp%2Fv2%2Fproduct_tag&post=1187"}],"curies":[{"name":"wp","href":"https:\/\/api.w.org\/{rel}","templated":true}]}}