{"id":1191,"date":"2023-01-25T09:44:50","date_gmt":"2023-01-25T12:44:50","guid":{"rendered":"https:\/\/metalshopping.com.br\/metalshopping\/?post_type=product&#038;p=1191"},"modified":"2023-03-21T09:44:04","modified_gmt":"2023-03-21T12:44:04","slug":"viga-u","status":"publish","type":"product","link":"https:\/\/metalshopping.com.br\/metalshopping\/?product=viga-u","title":{"rendered":"Viga U"},"content":{"rendered":"<p>A viga U laminada \u00e9 um perfil met\u00e1lico com fun\u00e7\u00e3o estrutural na horizontal. Possui o nome de viga u laminada gra\u00e7as \u00e0 se\u00e7\u00e3o transversal em forma de \u201cU\u201d. Al\u00e9m do formato em U ser respons\u00e1vel pelo nome da pe\u00e7a, ele confere \u00e0 viga u laminada uma maior dinamiza\u00e7\u00e3o dos processos aos quais a viga se aplica, permitindo um perfeito encaixe no local de instala\u00e7\u00e3o com acabamento bonito e seguro. O processo de lamina\u00e7\u00e3o da viga u laminada serve para deixar sua superf\u00edcie mais homog\u00eanea.<\/p>\n<p>A viga U laminada \u00e9 uma pe\u00e7a utilizada para a sustenta\u00e7\u00e3o, com aplica\u00e7\u00e3o em diferentes segmentos do mercado, tais como:<br \/>\nSerralheria;<br \/>\nMetal\u00fargica;<br \/>\nEscoramento;<br \/>\nConstru\u00e7\u00e3o civil;<br \/>\nEstrutura met\u00e1lica;<br \/>\nImplemento agr\u00edcola;<br \/>\nImplemento rodovi\u00e1rio;<br \/>\nEquipamento de transporte.<\/p>\n<p><strong>*Modelos dispon\u00edveis:<\/strong><\/p>\n<p><img loading=\"lazy\" decoding=\"async\" class=\"alignnone size-full wp-image-1362\" src=\"http:\/\/metalshopping.com.br\/metalshopping\/wp-content\/uploads\/2023\/01\/VIGA-U-TAB.png\" alt=\"\" width=\"1386\" height=\"355\" srcset=\"https:\/\/metalshopping.com.br\/metalshopping\/wp-content\/uploads\/2023\/01\/VIGA-U-TAB.png 1386w, https:\/\/metalshopping.com.br\/metalshopping\/wp-content\/uploads\/2023\/01\/VIGA-U-TAB-300x77.png 300w, https:\/\/metalshopping.com.br\/metalshopping\/wp-content\/uploads\/2023\/01\/VIGA-U-TAB-1024x262.png 1024w, https:\/\/metalshopping.com.br\/metalshopping\/wp-content\/uploads\/2023\/01\/VIGA-U-TAB-600x154.png 600w\" sizes=\"auto, (max-width: 1386px) 100vw, 1386px\" \/><\/p>\n","protected":false},"excerpt":{"rendered":"<p>A viga U laminada \u00e9 um perfil met\u00e1lico com fun\u00e7\u00e3o estrutural na horizontal. Possui o nome de viga u laminada gra\u00e7as \u00e0 se\u00e7\u00e3o transversal em forma de \u201cU\u201d. Al\u00e9m do formato em U ser respons\u00e1vel pelo nome da pe\u00e7a, ele confere \u00e0 viga u laminada uma maior dinamiza\u00e7\u00e3o dos processos aos quais a viga se&#8230;<\/p>\n","protected":false},"featured_media":1192,"template":"","meta":[],"product_cat":[29,44],"product_tag":[],"class_list":{"0":"post-1191","1":"product","2":"type-product","3":"status-publish","4":"has-post-thumbnail","6":"product_cat-industria","7":"product_cat-viga-u","9":"first","10":"instock","11":"shipping-taxable","12":"product-type-simple"},"_links":{"self":[{"href":"https:\/\/metalshopping.com.br\/metalshopping\/index.php?rest_route=\/wp\/v2\/product\/1191","targetHints":{"allow":["GET"]}}],"collection":[{"href":"https:\/\/metalshopping.com.br\/metalshopping\/index.php?rest_route=\/wp\/v2\/product"}],"about":[{"href":"https:\/\/metalshopping.com.br\/metalshopping\/index.php?rest_route=\/wp\/v2\/types\/product"}],"wp:featuredmedia":[{"embeddable":true,"href":"https:\/\/metalshopping.com.br\/metalshopping\/index.php?rest_route=\/wp\/v2\/media\/1192"}],"wp:attachment":[{"href":"https:\/\/metalshopping.com.br\/metalshopping\/index.php?rest_route=%2Fwp%2Fv2%2Fmedia&parent=1191"}],"wp:term":[{"taxonomy":"product_cat","embeddable":true,"href":"https:\/\/metalshopping.com.br\/metalshopping\/index.php?rest_route=%2Fwp%2Fv2%2Fproduct_cat&post=1191"},{"taxonomy":"product_tag","embeddable":true,"href":"https:\/\/metalshopping.com.br\/metalshopping\/index.php?rest_route=%2Fwp%2Fv2%2Fproduct_tag&post=1191"}],"curies":[{"name":"wp","href":"https:\/\/api.w.org\/{rel}","templated":true}]}}