{"id":1193,"date":"2023-01-25T09:45:49","date_gmt":"2023-01-25T12:45:49","guid":{"rendered":"https:\/\/metalshopping.com.br\/metalshopping\/?post_type=product&#038;p=1193"},"modified":"2023-03-21T09:49:28","modified_gmt":"2023-03-21T12:49:28","slug":"viga-i","status":"publish","type":"product","link":"https:\/\/metalshopping.com.br\/metalshopping\/?product=viga-i","title":{"rendered":"Viga I"},"content":{"rendered":"<p>As vigas I laminadas s\u00e3o produzidas normalmente em a\u00e7o ASTM A36 e s\u00e3o ideais para aplica\u00e7\u00f5es que exijam maior resist\u00eancia e robustez, como: Edif\u00edcios, Shoppings, Galp\u00f5es, Est\u00e1dios, Pontes, Vigamentos, Balan\u00e7as, Pontes Rolantes, entre outras.<\/p>\n<p><strong>*Modelos dispon\u00edveis:<\/strong><\/p>\n<p><img loading=\"lazy\" decoding=\"async\" class=\"alignnone size-full wp-image-1363\" src=\"http:\/\/metalshopping.com.br\/metalshopping\/wp-content\/uploads\/2023\/01\/VIGA-I-TAB.png\" alt=\"\" width=\"1124\" height=\"355\" srcset=\"https:\/\/metalshopping.com.br\/metalshopping\/wp-content\/uploads\/2023\/01\/VIGA-I-TAB.png 1124w, https:\/\/metalshopping.com.br\/metalshopping\/wp-content\/uploads\/2023\/01\/VIGA-I-TAB-300x95.png 300w, https:\/\/metalshopping.com.br\/metalshopping\/wp-content\/uploads\/2023\/01\/VIGA-I-TAB-1024x323.png 1024w, https:\/\/metalshopping.com.br\/metalshopping\/wp-content\/uploads\/2023\/01\/VIGA-I-TAB-600x190.png 600w\" sizes=\"auto, (max-width: 1124px) 100vw, 1124px\" \/><\/p>\n","protected":false},"excerpt":{"rendered":"<p>As vigas I laminadas s\u00e3o produzidas normalmente em a\u00e7o ASTM A36 e s\u00e3o ideais para aplica\u00e7\u00f5es que exijam maior resist\u00eancia e robustez, como: Edif\u00edcios, Shoppings, Galp\u00f5es, Est\u00e1dios, Pontes, Vigamentos, Balan\u00e7as, Pontes Rolantes, entre outras. *Modelos dispon\u00edveis:<\/p>\n","protected":false},"featured_media":1194,"template":"","meta":[],"product_cat":[29,45],"product_tag":[],"class_list":{"0":"post-1193","1":"product","2":"type-product","3":"status-publish","4":"has-post-thumbnail","6":"product_cat-industria","7":"product_cat-viga-i","9":"first","10":"instock","11":"shipping-taxable","12":"product-type-simple"},"_links":{"self":[{"href":"https:\/\/metalshopping.com.br\/metalshopping\/index.php?rest_route=\/wp\/v2\/product\/1193","targetHints":{"allow":["GET"]}}],"collection":[{"href":"https:\/\/metalshopping.com.br\/metalshopping\/index.php?rest_route=\/wp\/v2\/product"}],"about":[{"href":"https:\/\/metalshopping.com.br\/metalshopping\/index.php?rest_route=\/wp\/v2\/types\/product"}],"wp:featuredmedia":[{"embeddable":true,"href":"https:\/\/metalshopping.com.br\/metalshopping\/index.php?rest_route=\/wp\/v2\/media\/1194"}],"wp:attachment":[{"href":"https:\/\/metalshopping.com.br\/metalshopping\/index.php?rest_route=%2Fwp%2Fv2%2Fmedia&parent=1193"}],"wp:term":[{"taxonomy":"product_cat","embeddable":true,"href":"https:\/\/metalshopping.com.br\/metalshopping\/index.php?rest_route=%2Fwp%2Fv2%2Fproduct_cat&post=1193"},{"taxonomy":"product_tag","embeddable":true,"href":"https:\/\/metalshopping.com.br\/metalshopping\/index.php?rest_route=%2Fwp%2Fv2%2Fproduct_tag&post=1193"}],"curies":[{"name":"wp","href":"https:\/\/api.w.org\/{rel}","templated":true}]}}