{"id":1245,"date":"2023-01-25T10:17:29","date_gmt":"2023-01-25T13:17:29","guid":{"rendered":"https:\/\/metalshopping.com.br\/metalshopping\/?post_type=product&#038;p=1245"},"modified":"2023-03-20T16:56:33","modified_gmt":"2023-03-20T19:56:33","slug":"alambrado","status":"publish","type":"product","link":"https:\/\/metalshopping.com.br\/metalshopping\/?product=alambrado","title":{"rendered":"Alambrado"},"content":{"rendered":"<p>O alambrado \u00e9 uma tela galvanizada com alta resist\u00eancia e durabilidade para o seu cercamento!<\/p>\n<p>Por ser um modelo de tela pr\u00e1tico, esse produto \u00e9 ideal para fazer o cercamento de quadras de esportes, ind\u00fastrias, fechamento de terrenos, rodovias, entre outras utilidades.<\/p>\n<p><strong>*Modelos dispon\u00edveis:<\/strong><\/p>\n<p><img loading=\"lazy\" decoding=\"async\" class=\"alignnone size-full wp-image-1316\" src=\"http:\/\/metalshopping.com.br\/metalshopping\/wp-content\/uploads\/2023\/01\/ALAMBRADO-1.png\" alt=\"\" width=\"1130\" height=\"164\" srcset=\"https:\/\/metalshopping.com.br\/metalshopping\/wp-content\/uploads\/2023\/01\/ALAMBRADO-1.png 1130w, https:\/\/metalshopping.com.br\/metalshopping\/wp-content\/uploads\/2023\/01\/ALAMBRADO-1-300x44.png 300w, https:\/\/metalshopping.com.br\/metalshopping\/wp-content\/uploads\/2023\/01\/ALAMBRADO-1-1024x149.png 1024w, https:\/\/metalshopping.com.br\/metalshopping\/wp-content\/uploads\/2023\/01\/ALAMBRADO-1-600x87.png 600w\" sizes=\"auto, (max-width: 1130px) 100vw, 1130px\" \/><\/p>\n<p>&nbsp;<\/p>\n","protected":false},"excerpt":{"rendered":"<p>O alambrado \u00e9 uma tela galvanizada com alta resist\u00eancia e durabilidade para o seu cercamento! Por ser um modelo de tela pr\u00e1tico, esse produto \u00e9 ideal para fazer o cercamento de quadras de esportes, ind\u00fastrias, fechamento de terrenos, rodovias, entre outras utilidades. *Modelos dispon\u00edveis: &nbsp;<\/p>\n","protected":false},"featured_media":1246,"template":"","meta":[],"product_cat":[60,59],"product_tag":[],"class_list":{"0":"post-1245","1":"product","2":"type-product","3":"status-publish","4":"has-post-thumbnail","6":"product_cat-alambrado","7":"product_cat-telas","9":"first","10":"instock","11":"shipping-taxable","12":"product-type-simple"},"_links":{"self":[{"href":"https:\/\/metalshopping.com.br\/metalshopping\/index.php?rest_route=\/wp\/v2\/product\/1245","targetHints":{"allow":["GET"]}}],"collection":[{"href":"https:\/\/metalshopping.com.br\/metalshopping\/index.php?rest_route=\/wp\/v2\/product"}],"about":[{"href":"https:\/\/metalshopping.com.br\/metalshopping\/index.php?rest_route=\/wp\/v2\/types\/product"}],"wp:featuredmedia":[{"embeddable":true,"href":"https:\/\/metalshopping.com.br\/metalshopping\/index.php?rest_route=\/wp\/v2\/media\/1246"}],"wp:attachment":[{"href":"https:\/\/metalshopping.com.br\/metalshopping\/index.php?rest_route=%2Fwp%2Fv2%2Fmedia&parent=1245"}],"wp:term":[{"taxonomy":"product_cat","embeddable":true,"href":"https:\/\/metalshopping.com.br\/metalshopping\/index.php?rest_route=%2Fwp%2Fv2%2Fproduct_cat&post=1245"},{"taxonomy":"product_tag","embeddable":true,"href":"https:\/\/metalshopping.com.br\/metalshopping\/index.php?rest_route=%2Fwp%2Fv2%2Fproduct_tag&post=1245"}],"curies":[{"name":"wp","href":"https:\/\/api.w.org\/{rel}","templated":true}]}}