{"id":1247,"date":"2023-01-25T10:21:11","date_gmt":"2023-01-25T13:21:11","guid":{"rendered":"https:\/\/metalshopping.com.br\/metalshopping\/?post_type=product&#038;p=1247"},"modified":"2023-03-20T17:22:39","modified_gmt":"2023-03-20T20:22:39","slug":"arame-galvanizado","status":"publish","type":"product","link":"https:\/\/metalshopping.com.br\/metalshopping\/?product=arame-galvanizado","title":{"rendered":"Arame Galvanizado"},"content":{"rendered":"<p>Os <strong>Arames Galvanizados<\/strong> s\u00e3o utilizados para amarra\u00e7\u00e3o de telas e estrutura\u00e7\u00e3o das mesmas quando se fez necess\u00e1rio.<\/p>\n<p>S\u00e3o muito usados em cercas rurais como arame de Atilho, para firmar os arames farpados e arames lisos as tramas e mour\u00f5es,\u00a0na constru\u00e7\u00e3o de alambrados, servindo como sustenta\u00e7\u00e3o das telas de alambrado.<\/p>\n<p>Dependendo da altura do alambrado s\u00e3o utilizados 2, 3, ou 4 fios desse arame, esticados horizontalmente com aux\u00edlio de catracas para arame, dando a tens\u00e3o necess\u00e1ria para o fio 12 al\u00e9m de facilitar a manuten\u00e7\u00e3o do alambrado.<\/p>\n<p><strong>*Modelos dispon\u00edveis:<\/strong><\/p>\n<p><img loading=\"lazy\" decoding=\"async\" class=\"alignnone size-full wp-image-1324\" src=\"http:\/\/metalshopping.com.br\/metalshopping\/wp-content\/uploads\/2023\/01\/arames-galvanizados-1.png\" alt=\"\" width=\"925\" height=\"348\" srcset=\"https:\/\/metalshopping.com.br\/metalshopping\/wp-content\/uploads\/2023\/01\/arames-galvanizados-1.png 925w, https:\/\/metalshopping.com.br\/metalshopping\/wp-content\/uploads\/2023\/01\/arames-galvanizados-1-300x113.png 300w, https:\/\/metalshopping.com.br\/metalshopping\/wp-content\/uploads\/2023\/01\/arames-galvanizados-1-600x226.png 600w\" sizes=\"auto, (max-width: 925px) 100vw, 925px\" \/><\/p>\n","protected":false},"excerpt":{"rendered":"<p>Os Arames Galvanizados s\u00e3o utilizados para amarra\u00e7\u00e3o de telas e estrutura\u00e7\u00e3o das mesmas quando se fez necess\u00e1rio. S\u00e3o muito usados em cercas rurais como arame de Atilho, para firmar os arames farpados e arames lisos as tramas e mour\u00f5es,\u00a0na constru\u00e7\u00e3o de alambrados, servindo como sustenta\u00e7\u00e3o das telas de alambrado. Dependendo da altura do alambrado s\u00e3o&#8230;<\/p>\n","protected":false},"featured_media":1248,"template":"","meta":[],"product_cat":[61,59],"product_tag":[],"class_list":{"0":"post-1247","1":"product","2":"type-product","3":"status-publish","4":"has-post-thumbnail","6":"product_cat-arame-galvanizado","7":"product_cat-telas","9":"first","10":"instock","11":"shipping-taxable","12":"product-type-simple"},"_links":{"self":[{"href":"https:\/\/metalshopping.com.br\/metalshopping\/index.php?rest_route=\/wp\/v2\/product\/1247","targetHints":{"allow":["GET"]}}],"collection":[{"href":"https:\/\/metalshopping.com.br\/metalshopping\/index.php?rest_route=\/wp\/v2\/product"}],"about":[{"href":"https:\/\/metalshopping.com.br\/metalshopping\/index.php?rest_route=\/wp\/v2\/types\/product"}],"wp:featuredmedia":[{"embeddable":true,"href":"https:\/\/metalshopping.com.br\/metalshopping\/index.php?rest_route=\/wp\/v2\/media\/1248"}],"wp:attachment":[{"href":"https:\/\/metalshopping.com.br\/metalshopping\/index.php?rest_route=%2Fwp%2Fv2%2Fmedia&parent=1247"}],"wp:term":[{"taxonomy":"product_cat","embeddable":true,"href":"https:\/\/metalshopping.com.br\/metalshopping\/index.php?rest_route=%2Fwp%2Fv2%2Fproduct_cat&post=1247"},{"taxonomy":"product_tag","embeddable":true,"href":"https:\/\/metalshopping.com.br\/metalshopping\/index.php?rest_route=%2Fwp%2Fv2%2Fproduct_tag&post=1247"}],"curies":[{"name":"wp","href":"https:\/\/api.w.org\/{rel}","templated":true}]}}