{"id":1249,"date":"2023-01-25T10:22:30","date_gmt":"2023-01-25T13:22:30","guid":{"rendered":"https:\/\/metalshopping.com.br\/metalshopping\/?post_type=product&#038;p=1249"},"modified":"2023-03-20T17:09:27","modified_gmt":"2023-03-20T20:09:27","slug":"tela-artistica","status":"publish","type":"product","link":"https:\/\/metalshopping.com.br\/metalshopping\/?product=tela-artistica","title":{"rendered":"Tela Art\u00edstica"},"content":{"rendered":"<p>As <strong>Telas Art\u00edsticas<\/strong> s\u00e3o fabricadas com arames galvanizados.<\/p>\n<p>S\u00e3o\u00a0utilizadas largamente como grades de prote\u00e7\u00e3o para m\u00e1quinas, janelas, divis\u00f3rias de almoxarifados, port\u00f5es, caixas para transporte de produtos, entre outras.<\/p>\n<p><strong>*Modelos dispon\u00edveis:<\/strong><\/p>\n<p><img loading=\"lazy\" decoding=\"async\" class=\"alignnone size-full wp-image-1321\" src=\"http:\/\/metalshopping.com.br\/metalshopping\/wp-content\/uploads\/2023\/01\/artistica.png\" alt=\"\" width=\"1130\" height=\"348\" srcset=\"https:\/\/metalshopping.com.br\/metalshopping\/wp-content\/uploads\/2023\/01\/artistica.png 1130w, https:\/\/metalshopping.com.br\/metalshopping\/wp-content\/uploads\/2023\/01\/artistica-300x92.png 300w, https:\/\/metalshopping.com.br\/metalshopping\/wp-content\/uploads\/2023\/01\/artistica-1024x315.png 1024w, https:\/\/metalshopping.com.br\/metalshopping\/wp-content\/uploads\/2023\/01\/artistica-600x185.png 600w\" sizes=\"auto, (max-width: 1130px) 100vw, 1130px\" \/><\/p>\n","protected":false},"excerpt":{"rendered":"<p>As Telas Art\u00edsticas s\u00e3o fabricadas com arames galvanizados. S\u00e3o\u00a0utilizadas largamente como grades de prote\u00e7\u00e3o para m\u00e1quinas, janelas, divis\u00f3rias de almoxarifados, port\u00f5es, caixas para transporte de produtos, entre outras. *Modelos dispon\u00edveis:<\/p>\n","protected":false},"featured_media":1250,"template":"","meta":[],"product_cat":[62,59],"product_tag":[],"class_list":{"0":"post-1249","1":"product","2":"type-product","3":"status-publish","4":"has-post-thumbnail","6":"product_cat-tela-artistica","7":"product_cat-telas","9":"first","10":"instock","11":"shipping-taxable","12":"product-type-simple"},"_links":{"self":[{"href":"https:\/\/metalshopping.com.br\/metalshopping\/index.php?rest_route=\/wp\/v2\/product\/1249","targetHints":{"allow":["GET"]}}],"collection":[{"href":"https:\/\/metalshopping.com.br\/metalshopping\/index.php?rest_route=\/wp\/v2\/product"}],"about":[{"href":"https:\/\/metalshopping.com.br\/metalshopping\/index.php?rest_route=\/wp\/v2\/types\/product"}],"wp:featuredmedia":[{"embeddable":true,"href":"https:\/\/metalshopping.com.br\/metalshopping\/index.php?rest_route=\/wp\/v2\/media\/1250"}],"wp:attachment":[{"href":"https:\/\/metalshopping.com.br\/metalshopping\/index.php?rest_route=%2Fwp%2Fv2%2Fmedia&parent=1249"}],"wp:term":[{"taxonomy":"product_cat","embeddable":true,"href":"https:\/\/metalshopping.com.br\/metalshopping\/index.php?rest_route=%2Fwp%2Fv2%2Fproduct_cat&post=1249"},{"taxonomy":"product_tag","embeddable":true,"href":"https:\/\/metalshopping.com.br\/metalshopping\/index.php?rest_route=%2Fwp%2Fv2%2Fproduct_tag&post=1249"}],"curies":[{"name":"wp","href":"https:\/\/api.w.org\/{rel}","templated":true}]}}