{"id":1251,"date":"2023-01-25T10:23:43","date_gmt":"2023-01-25T13:23:43","guid":{"rendered":"https:\/\/metalshopping.com.br\/metalshopping\/?post_type=product&#038;p=1251"},"modified":"2023-03-20T17:01:36","modified_gmt":"2023-03-20T20:01:36","slug":"tela-pratica","status":"publish","type":"product","link":"https:\/\/metalshopping.com.br\/metalshopping\/?product=tela-pratica","title":{"rendered":"Tela Pr\u00e1tica"},"content":{"rendered":"<p><strong>Tela Pr\u00e1tica<\/strong> \u00e9 um modelo eletrosoldado, que possui arames galvanizados com tripla camada de zinco e curvatura nas linhas horizontais, o que facilita a instala\u00e7\u00e3o da tela e permite que voc\u00ea ajuste a tens\u00e3o entre os fios, deixando o cercamento uniformemente tensionado e bonito.<\/p>\n<p>Este modelo de tela tem alta resist\u00eancia e \u00e9 perfeito para o cercamento de pra\u00e7as, parques, escolas, \u00e1reas residenciais, comerciais e industriais.<\/p>\n<p>Por ser um modelo pr\u00e1tico e flex\u00edvel, pode ser utilizado, inclusive, para o cercamento de animais de m\u00e9dio porte.<\/p>\n<p><strong>*Modelos dispon\u00edveis:<\/strong><\/p>\n<p><img loading=\"lazy\" decoding=\"async\" class=\"alignnone size-full wp-image-1318\" src=\"http:\/\/metalshopping.com.br\/metalshopping\/wp-content\/uploads\/2023\/01\/TELA-PRATICA.png\" alt=\"\" width=\"1130\" height=\"164\" srcset=\"https:\/\/metalshopping.com.br\/metalshopping\/wp-content\/uploads\/2023\/01\/TELA-PRATICA.png 1130w, https:\/\/metalshopping.com.br\/metalshopping\/wp-content\/uploads\/2023\/01\/TELA-PRATICA-300x44.png 300w, https:\/\/metalshopping.com.br\/metalshopping\/wp-content\/uploads\/2023\/01\/TELA-PRATICA-1024x149.png 1024w, https:\/\/metalshopping.com.br\/metalshopping\/wp-content\/uploads\/2023\/01\/TELA-PRATICA-600x87.png 600w\" sizes=\"auto, (max-width: 1130px) 100vw, 1130px\" \/><\/p>\n","protected":false},"excerpt":{"rendered":"<p>Tela Pr\u00e1tica \u00e9 um modelo eletrosoldado, que possui arames galvanizados com tripla camada de zinco e curvatura nas linhas horizontais, o que facilita a instala\u00e7\u00e3o da tela e permite que voc\u00ea ajuste a tens\u00e3o entre os fios, deixando o cercamento uniformemente tensionado e bonito. Este modelo de tela tem alta resist\u00eancia e \u00e9 perfeito para&#8230;<\/p>\n","protected":false},"featured_media":1252,"template":"","meta":[],"product_cat":[63,59],"product_tag":[],"class_list":{"0":"post-1251","1":"product","2":"type-product","3":"status-publish","4":"has-post-thumbnail","6":"product_cat-tela-pratica","7":"product_cat-telas","9":"first","10":"instock","11":"shipping-taxable","12":"product-type-simple"},"_links":{"self":[{"href":"https:\/\/metalshopping.com.br\/metalshopping\/index.php?rest_route=\/wp\/v2\/product\/1251","targetHints":{"allow":["GET"]}}],"collection":[{"href":"https:\/\/metalshopping.com.br\/metalshopping\/index.php?rest_route=\/wp\/v2\/product"}],"about":[{"href":"https:\/\/metalshopping.com.br\/metalshopping\/index.php?rest_route=\/wp\/v2\/types\/product"}],"wp:featuredmedia":[{"embeddable":true,"href":"https:\/\/metalshopping.com.br\/metalshopping\/index.php?rest_route=\/wp\/v2\/media\/1252"}],"wp:attachment":[{"href":"https:\/\/metalshopping.com.br\/metalshopping\/index.php?rest_route=%2Fwp%2Fv2%2Fmedia&parent=1251"}],"wp:term":[{"taxonomy":"product_cat","embeddable":true,"href":"https:\/\/metalshopping.com.br\/metalshopping\/index.php?rest_route=%2Fwp%2Fv2%2Fproduct_cat&post=1251"},{"taxonomy":"product_tag","embeddable":true,"href":"https:\/\/metalshopping.com.br\/metalshopping\/index.php?rest_route=%2Fwp%2Fv2%2Fproduct_tag&post=1251"}],"curies":[{"name":"wp","href":"https:\/\/api.w.org\/{rel}","templated":true}]}}