{"id":1254,"date":"2023-01-25T10:48:34","date_gmt":"2023-01-25T13:48:34","guid":{"rendered":"https:\/\/metalshopping.com.br\/metalshopping\/?post_type=product&#038;p=1254"},"modified":"2026-03-13T11:19:07","modified_gmt":"2026-03-13T14:19:07","slug":"kit-concertina","status":"publish","type":"product","link":"https:\/\/metalshopping.com.br\/metalshopping\/?product=kit-concertina","title":{"rendered":"Kit Concertina"},"content":{"rendered":"<p><strong>*Modelos dispon\u00edveis:<\/strong><\/p>\n<p>Kit Concertina 10m<\/p>\n<p>01 Cerca concertina simples 30cm\/10m<br \/>\n22 Metros de arame galvanizado<br \/>\n04 Hastes de Parafusar<br \/>\n08 Parafusos<br \/>\n08 Buchas<br \/>\n80 Arames para fixa\u00e7\u00e3o<br \/>\n01 Placa de advert\u00eancia<\/p>\n","protected":false},"excerpt":{"rendered":"<p>*Modelos dispon\u00edveis: Kit Concertina 10m 01 Cerca concertina simples 30cm\/10m 22 Metros de arame galvanizado 04 Hastes de Parafusar 08 Parafusos 08 Buchas 80 Arames para fixa\u00e7\u00e3o 01 Placa de advert\u00eancia<\/p>\n","protected":false},"featured_media":1255,"template":"","meta":[],"product_cat":[65,64],"product_tag":[],"class_list":{"0":"post-1254","1":"product","2":"type-product","3":"status-publish","4":"has-post-thumbnail","6":"product_cat-kit-concertina","7":"product_cat-seguranca-perimetral","9":"first","10":"instock","11":"shipping-taxable","12":"product-type-simple"},"_links":{"self":[{"href":"https:\/\/metalshopping.com.br\/metalshopping\/index.php?rest_route=\/wp\/v2\/product\/1254","targetHints":{"allow":["GET"]}}],"collection":[{"href":"https:\/\/metalshopping.com.br\/metalshopping\/index.php?rest_route=\/wp\/v2\/product"}],"about":[{"href":"https:\/\/metalshopping.com.br\/metalshopping\/index.php?rest_route=\/wp\/v2\/types\/product"}],"wp:featuredmedia":[{"embeddable":true,"href":"https:\/\/metalshopping.com.br\/metalshopping\/index.php?rest_route=\/wp\/v2\/media\/1255"}],"wp:attachment":[{"href":"https:\/\/metalshopping.com.br\/metalshopping\/index.php?rest_route=%2Fwp%2Fv2%2Fmedia&parent=1254"}],"wp:term":[{"taxonomy":"product_cat","embeddable":true,"href":"https:\/\/metalshopping.com.br\/metalshopping\/index.php?rest_route=%2Fwp%2Fv2%2Fproduct_cat&post=1254"},{"taxonomy":"product_tag","embeddable":true,"href":"https:\/\/metalshopping.com.br\/metalshopping\/index.php?rest_route=%2Fwp%2Fv2%2Fproduct_tag&post=1254"}],"curies":[{"name":"wp","href":"https:\/\/api.w.org\/{rel}","templated":true}]}}