{"id":1260,"date":"2023-01-25T10:52:12","date_gmt":"2023-01-25T13:52:12","guid":{"rendered":"https:\/\/metalshopping.com.br\/metalshopping\/?post_type=product&#038;p=1260"},"modified":"2023-03-24T15:01:14","modified_gmt":"2023-03-24T18:01:14","slug":"wall-spike","status":"publish","type":"product","link":"https:\/\/metalshopping.com.br\/metalshopping\/?product=wall-spike","title":{"rendered":"Wall Spike"},"content":{"rendered":"<p>A ponta cortante (Wall Spike) \u00e9 uma lamina cortante que tem o intuito de oferecer seguran\u00e7a para resid\u00eancias ou locais de trabalho. \u00c9 uma maneira eficaz de barrar invas\u00f5es.<\/p>\n<p>Cada lan\u00e7a possui 1 metro e pode ser instalada sobre muro, grade, telhado ou qualquer estrutura para cercamento.<\/p>\n","protected":false},"excerpt":{"rendered":"<p>A ponta cortante (Wall Spike) \u00e9 uma lamina cortante que tem o intuito de oferecer seguran\u00e7a para resid\u00eancias ou locais de trabalho. \u00c9 uma maneira eficaz de barrar invas\u00f5es. Cada lan\u00e7a possui 1 metro e pode ser instalada sobre muro, grade, telhado ou qualquer estrutura para cercamento.<\/p>\n","protected":false},"featured_media":1261,"template":"","meta":[],"product_cat":[64,68],"product_tag":[],"class_list":{"0":"post-1260","1":"product","2":"type-product","3":"status-publish","4":"has-post-thumbnail","6":"product_cat-seguranca-perimetral","7":"product_cat-wall-spike","9":"first","10":"instock","11":"shipping-taxable","12":"product-type-simple"},"_links":{"self":[{"href":"https:\/\/metalshopping.com.br\/metalshopping\/index.php?rest_route=\/wp\/v2\/product\/1260","targetHints":{"allow":["GET"]}}],"collection":[{"href":"https:\/\/metalshopping.com.br\/metalshopping\/index.php?rest_route=\/wp\/v2\/product"}],"about":[{"href":"https:\/\/metalshopping.com.br\/metalshopping\/index.php?rest_route=\/wp\/v2\/types\/product"}],"wp:featuredmedia":[{"embeddable":true,"href":"https:\/\/metalshopping.com.br\/metalshopping\/index.php?rest_route=\/wp\/v2\/media\/1261"}],"wp:attachment":[{"href":"https:\/\/metalshopping.com.br\/metalshopping\/index.php?rest_route=%2Fwp%2Fv2%2Fmedia&parent=1260"}],"wp:term":[{"taxonomy":"product_cat","embeddable":true,"href":"https:\/\/metalshopping.com.br\/metalshopping\/index.php?rest_route=%2Fwp%2Fv2%2Fproduct_cat&post=1260"},{"taxonomy":"product_tag","embeddable":true,"href":"https:\/\/metalshopping.com.br\/metalshopping\/index.php?rest_route=%2Fwp%2Fv2%2Fproduct_tag&post=1260"}],"curies":[{"name":"wp","href":"https:\/\/api.w.org\/{rel}","templated":true}]}}