{"id":1262,"date":"2023-01-25T10:54:39","date_gmt":"2023-01-25T13:54:39","guid":{"rendered":"https:\/\/metalshopping.com.br\/metalshopping\/?post_type=product&#038;p=1262"},"modified":"2023-03-31T17:04:42","modified_gmt":"2023-03-31T20:04:42","slug":"corte-dobra","status":"publish","type":"product","link":"https:\/\/metalshopping.com.br\/metalshopping\/?product=corte-dobra","title":{"rendered":"Corte \/ Dobra"},"content":{"rendered":"<p>Comercializado na categoria CA 50 e CA 60 em barras retas e dobradas, possuem superf\u00edcie nervurada, garantindo assim maior ader\u00eancia da estrutura ao concreto, dispon\u00edveis em diversas bitolas, em acordo com a norma NBR 7480.<\/p>\n<p><em><strong>Fazemos corte e dobra de vergalh\u00f5es de acordo com a sua necessidade.<\/strong><\/em><\/p>\n","protected":false},"excerpt":{"rendered":"<p>Comercializado na categoria CA 50 e CA 60 em barras retas e dobradas, possuem superf\u00edcie nervurada, garantindo assim maior ader\u00eancia da estrutura ao concreto, dispon\u00edveis em diversas bitolas, em acordo com a norma NBR 7480. Fazemos corte e dobra de vergalh\u00f5es de acordo com a sua necessidade.<\/p>\n","protected":false},"featured_media":1263,"template":"","meta":[],"product_cat":[17,70,69,73],"product_tag":[],"class_list":{"0":"post-1262","1":"product","2":"type-product","3":"status-publish","4":"has-post-thumbnail","6":"product_cat-construcao-civil","7":"product_cat-corte-dobra-2","8":"product_cat-servicos","9":"product_cat-vergalhoes","11":"first","12":"instock","13":"shipping-taxable","14":"product-type-simple"},"_links":{"self":[{"href":"https:\/\/metalshopping.com.br\/metalshopping\/index.php?rest_route=\/wp\/v2\/product\/1262","targetHints":{"allow":["GET"]}}],"collection":[{"href":"https:\/\/metalshopping.com.br\/metalshopping\/index.php?rest_route=\/wp\/v2\/product"}],"about":[{"href":"https:\/\/metalshopping.com.br\/metalshopping\/index.php?rest_route=\/wp\/v2\/types\/product"}],"wp:featuredmedia":[{"embeddable":true,"href":"https:\/\/metalshopping.com.br\/metalshopping\/index.php?rest_route=\/wp\/v2\/media\/1263"}],"wp:attachment":[{"href":"https:\/\/metalshopping.com.br\/metalshopping\/index.php?rest_route=%2Fwp%2Fv2%2Fmedia&parent=1262"}],"wp:term":[{"taxonomy":"product_cat","embeddable":true,"href":"https:\/\/metalshopping.com.br\/metalshopping\/index.php?rest_route=%2Fwp%2Fv2%2Fproduct_cat&post=1262"},{"taxonomy":"product_tag","embeddable":true,"href":"https:\/\/metalshopping.com.br\/metalshopping\/index.php?rest_route=%2Fwp%2Fv2%2Fproduct_tag&post=1262"}],"curies":[{"name":"wp","href":"https:\/\/api.w.org\/{rel}","templated":true}]}}