{"id":1265,"date":"2023-01-25T11:03:31","date_gmt":"2023-01-25T14:03:31","guid":{"rendered":"https:\/\/metalshopping.com.br\/metalshopping\/?post_type=product&#038;p=1265"},"modified":"2023-03-31T17:16:17","modified_gmt":"2023-03-31T20:16:17","slug":"fabricacao-de-perfis-para-serralheria","status":"publish","type":"product","link":"https:\/\/metalshopping.com.br\/metalshopping\/?product=fabricacao-de-perfis-para-serralheria","title":{"rendered":"Kit Port\u00e3o"},"content":{"rendered":"<h4 class=\"w-iconbox-title\">KIT PORT\u00c3O<\/h4>\n<p>Kit Port\u00e3o 200 #16<br \/>\nKit Port\u00e3o 180 #16<br \/>\nKit Port\u00e3o 150 #18<br \/>\nKit Port\u00e3o 150 #16<\/p>\n<p>&nbsp;<\/p>\n","protected":false},"excerpt":{"rendered":"<p>KIT PORT\u00c3O Kit Port\u00e3o 200 #16 Kit Port\u00e3o 180 #16 Kit Port\u00e3o 150 #18 Kit Port\u00e3o 150 #16 &nbsp;<\/p>\n","protected":false},"featured_media":1266,"template":"","meta":[],"product_cat":[29,87],"product_tag":[],"class_list":{"0":"post-1265","1":"product","2":"type-product","3":"status-publish","4":"has-post-thumbnail","6":"product_cat-industria","7":"product_cat-kit-portao","9":"first","10":"instock","11":"shipping-taxable","12":"product-type-simple"},"_links":{"self":[{"href":"https:\/\/metalshopping.com.br\/metalshopping\/index.php?rest_route=\/wp\/v2\/product\/1265","targetHints":{"allow":["GET"]}}],"collection":[{"href":"https:\/\/metalshopping.com.br\/metalshopping\/index.php?rest_route=\/wp\/v2\/product"}],"about":[{"href":"https:\/\/metalshopping.com.br\/metalshopping\/index.php?rest_route=\/wp\/v2\/types\/product"}],"wp:featuredmedia":[{"embeddable":true,"href":"https:\/\/metalshopping.com.br\/metalshopping\/index.php?rest_route=\/wp\/v2\/media\/1266"}],"wp:attachment":[{"href":"https:\/\/metalshopping.com.br\/metalshopping\/index.php?rest_route=%2Fwp%2Fv2%2Fmedia&parent=1265"}],"wp:term":[{"taxonomy":"product_cat","embeddable":true,"href":"https:\/\/metalshopping.com.br\/metalshopping\/index.php?rest_route=%2Fwp%2Fv2%2Fproduct_cat&post=1265"},{"taxonomy":"product_tag","embeddable":true,"href":"https:\/\/metalshopping.com.br\/metalshopping\/index.php?rest_route=%2Fwp%2Fv2%2Fproduct_tag&post=1265"}],"curies":[{"name":"wp","href":"https:\/\/api.w.org\/{rel}","templated":true}]}}