{"id":1333,"date":"2023-03-20T19:26:31","date_gmt":"2023-03-20T22:26:31","guid":{"rendered":"https:\/\/metalshopping.com.br\/metalshopping\/?post_type=product&#038;p=1333"},"modified":"2023-03-20T19:31:45","modified_gmt":"2023-03-20T22:31:45","slug":"perfil-udc","status":"publish","type":"product","link":"https:\/\/metalshopping.com.br\/metalshopping\/?product=perfil-udc","title":{"rendered":"Perfil UDC"},"content":{"rendered":"<p>O Perfil UDC Simples \u00e9 muito solicitado na constru\u00e7\u00e3o em geral, principalmente em projetos de estruturas met\u00e1licas de galp\u00f5es, telhados, port\u00f5es, grades, esquadrias, corrim\u00e3os de escadas, mezaninos, entre outros.<\/p>\n<p>Esse produto \u00e9 recomendado para aplica\u00e7\u00f5es que exigem um material leve e ao mesmo tempo resistente.<\/p>\n<p>O Perfil UDC Simples tamb\u00e9m \u00e9 frequentemente chamado de: perfil simples, perfil dobrado, perfil U, cantoneira em U, viga U, viga dobrada, viga de chapa ou viga para telhas.<\/p>\n<p>Vendido em comprimento de 6 metros.<\/p>\n<p><strong>*Modelos dispon\u00edveis:<\/strong><\/p>\n<p><img loading=\"lazy\" decoding=\"async\" class=\"alignnone size-full wp-image-1335\" src=\"http:\/\/metalshopping.com.br\/metalshopping\/wp-content\/uploads\/2023\/03\/UDC.png\" alt=\"\" width=\"1400\" height=\"555\" srcset=\"https:\/\/metalshopping.com.br\/metalshopping\/wp-content\/uploads\/2023\/03\/UDC.png 1400w, https:\/\/metalshopping.com.br\/metalshopping\/wp-content\/uploads\/2023\/03\/UDC-300x119.png 300w, https:\/\/metalshopping.com.br\/metalshopping\/wp-content\/uploads\/2023\/03\/UDC-1024x406.png 1024w, https:\/\/metalshopping.com.br\/metalshopping\/wp-content\/uploads\/2023\/03\/UDC-600x238.png 600w\" sizes=\"auto, (max-width: 1400px) 100vw, 1400px\" \/><\/p>\n","protected":false},"excerpt":{"rendered":"<p>O Perfil UDC Simples \u00e9 muito solicitado na constru\u00e7\u00e3o em geral, principalmente em projetos de estruturas met\u00e1licas de galp\u00f5es, telhados, port\u00f5es, grades, esquadrias, corrim\u00e3os de escadas, mezaninos, entre outros. Esse produto \u00e9 recomendado para aplica\u00e7\u00f5es que exigem um material leve e ao mesmo tempo resistente. O Perfil UDC Simples tamb\u00e9m \u00e9 frequentemente chamado de: perfil&#8230;<\/p>\n","protected":false},"featured_media":1337,"template":"","meta":[],"product_cat":[29,74],"product_tag":[],"class_list":{"0":"post-1333","1":"product","2":"type-product","3":"status-publish","4":"has-post-thumbnail","6":"product_cat-industria","7":"product_cat-perfil-udc","9":"first","10":"instock","11":"shipping-taxable","12":"product-type-simple"},"_links":{"self":[{"href":"https:\/\/metalshopping.com.br\/metalshopping\/index.php?rest_route=\/wp\/v2\/product\/1333","targetHints":{"allow":["GET"]}}],"collection":[{"href":"https:\/\/metalshopping.com.br\/metalshopping\/index.php?rest_route=\/wp\/v2\/product"}],"about":[{"href":"https:\/\/metalshopping.com.br\/metalshopping\/index.php?rest_route=\/wp\/v2\/types\/product"}],"wp:featuredmedia":[{"embeddable":true,"href":"https:\/\/metalshopping.com.br\/metalshopping\/index.php?rest_route=\/wp\/v2\/media\/1337"}],"wp:attachment":[{"href":"https:\/\/metalshopping.com.br\/metalshopping\/index.php?rest_route=%2Fwp%2Fv2%2Fmedia&parent=1333"}],"wp:term":[{"taxonomy":"product_cat","embeddable":true,"href":"https:\/\/metalshopping.com.br\/metalshopping\/index.php?rest_route=%2Fwp%2Fv2%2Fproduct_cat&post=1333"},{"taxonomy":"product_tag","embeddable":true,"href":"https:\/\/metalshopping.com.br\/metalshopping\/index.php?rest_route=%2Fwp%2Fv2%2Fproduct_tag&post=1333"}],"curies":[{"name":"wp","href":"https:\/\/api.w.org\/{rel}","templated":true}]}}