{"id":1338,"date":"2023-03-20T19:44:56","date_gmt":"2023-03-20T22:44:56","guid":{"rendered":"https:\/\/metalshopping.com.br\/metalshopping\/?post_type=product&#038;p=1338"},"modified":"2023-03-20T19:51:46","modified_gmt":"2023-03-20T22:51:46","slug":"perfil-udc-enrijecido","status":"publish","type":"product","link":"https:\/\/metalshopping.com.br\/metalshopping\/?product=perfil-udc-enrijecido","title":{"rendered":"Perfil UDC Enrijecido"},"content":{"rendered":"<p>O Perfil UDC Enrijecido \u00e9 indicado para ser usado na constru\u00e7\u00e3o em geral, serralherias e em ind\u00fastrias. Esse produto \u00e9 ideal para aplica\u00e7\u00f5es em projetos de estruturas met\u00e1licas mais pesadas, que exigem um material leve e, ao mesmo tempo, com maior resist\u00eancia.<\/p>\n<p>Vendido em comprimento de 6 metros.<\/p>\n<p><strong>*Modelos dispon\u00edveis:<\/strong><\/p>\n<p><img loading=\"lazy\" decoding=\"async\" class=\"alignnone size-full wp-image-1339\" src=\"http:\/\/metalshopping.com.br\/metalshopping\/wp-content\/uploads\/2023\/03\/PERFIL-UDC-ENRIJECIDO.png\" alt=\"\" width=\"1650\" height=\"555\" srcset=\"https:\/\/metalshopping.com.br\/metalshopping\/wp-content\/uploads\/2023\/03\/PERFIL-UDC-ENRIJECIDO.png 1650w, https:\/\/metalshopping.com.br\/metalshopping\/wp-content\/uploads\/2023\/03\/PERFIL-UDC-ENRIJECIDO-300x101.png 300w, https:\/\/metalshopping.com.br\/metalshopping\/wp-content\/uploads\/2023\/03\/PERFIL-UDC-ENRIJECIDO-1024x344.png 1024w, https:\/\/metalshopping.com.br\/metalshopping\/wp-content\/uploads\/2023\/03\/PERFIL-UDC-ENRIJECIDO-600x202.png 600w\" sizes=\"auto, (max-width: 1650px) 100vw, 1650px\" \/><\/p>\n","protected":false},"excerpt":{"rendered":"<p>O Perfil UDC Enrijecido \u00e9 indicado para ser usado na constru\u00e7\u00e3o em geral, serralherias e em ind\u00fastrias. Esse produto \u00e9 ideal para aplica\u00e7\u00f5es em projetos de estruturas met\u00e1licas mais pesadas, que exigem um material leve e, ao mesmo tempo, com maior resist\u00eancia. Vendido em comprimento de 6 metros. *Modelos dispon\u00edveis:<\/p>\n","protected":false},"featured_media":1340,"template":"","meta":[],"product_cat":[29,75],"product_tag":[],"class_list":{"0":"post-1338","1":"product","2":"type-product","3":"status-publish","4":"has-post-thumbnail","6":"product_cat-industria","7":"product_cat-perfil-udc-enrijecido","9":"first","10":"instock","11":"shipping-taxable","12":"product-type-simple"},"_links":{"self":[{"href":"https:\/\/metalshopping.com.br\/metalshopping\/index.php?rest_route=\/wp\/v2\/product\/1338","targetHints":{"allow":["GET"]}}],"collection":[{"href":"https:\/\/metalshopping.com.br\/metalshopping\/index.php?rest_route=\/wp\/v2\/product"}],"about":[{"href":"https:\/\/metalshopping.com.br\/metalshopping\/index.php?rest_route=\/wp\/v2\/types\/product"}],"wp:featuredmedia":[{"embeddable":true,"href":"https:\/\/metalshopping.com.br\/metalshopping\/index.php?rest_route=\/wp\/v2\/media\/1340"}],"wp:attachment":[{"href":"https:\/\/metalshopping.com.br\/metalshopping\/index.php?rest_route=%2Fwp%2Fv2%2Fmedia&parent=1338"}],"wp:term":[{"taxonomy":"product_cat","embeddable":true,"href":"https:\/\/metalshopping.com.br\/metalshopping\/index.php?rest_route=%2Fwp%2Fv2%2Fproduct_cat&post=1338"},{"taxonomy":"product_tag","embeddable":true,"href":"https:\/\/metalshopping.com.br\/metalshopping\/index.php?rest_route=%2Fwp%2Fv2%2Fproduct_tag&post=1338"}],"curies":[{"name":"wp","href":"https:\/\/api.w.org\/{rel}","templated":true}]}}