{"id":1355,"date":"2023-03-20T23:22:56","date_gmt":"2023-03-21T02:22:56","guid":{"rendered":"https:\/\/metalshopping.com.br\/metalshopping\/?post_type=product&#038;p=1355"},"modified":"2023-03-21T08:48:04","modified_gmt":"2023-03-21T11:48:04","slug":"u-de-grade","status":"publish","type":"product","link":"https:\/\/metalshopping.com.br\/metalshopping\/?product=u-de-grade","title":{"rendered":"U de Grade"},"content":{"rendered":"<p>Utilizado principalmente para fabrica\u00e7\u00e3o de grades e port\u00f5es m, o u de grade possui base e abas iguais.<\/p>\n<p><strong>*Modelos dispon\u00edveis:<\/strong><\/p>\n<p><img loading=\"lazy\" decoding=\"async\" class=\"alignnone size-full wp-image-1356\" src=\"http:\/\/metalshopping.com.br\/metalshopping\/wp-content\/uploads\/2023\/03\/U-DE-GRADE-TAB.png\" alt=\"\" width=\"1386\" height=\"230\" srcset=\"https:\/\/metalshopping.com.br\/metalshopping\/wp-content\/uploads\/2023\/03\/U-DE-GRADE-TAB.png 1386w, https:\/\/metalshopping.com.br\/metalshopping\/wp-content\/uploads\/2023\/03\/U-DE-GRADE-TAB-300x50.png 300w, https:\/\/metalshopping.com.br\/metalshopping\/wp-content\/uploads\/2023\/03\/U-DE-GRADE-TAB-1024x170.png 1024w, https:\/\/metalshopping.com.br\/metalshopping\/wp-content\/uploads\/2023\/03\/U-DE-GRADE-TAB-600x100.png 600w\" sizes=\"auto, (max-width: 1386px) 100vw, 1386px\" \/><\/p>\n","protected":false},"excerpt":{"rendered":"<p>Utilizado principalmente para fabrica\u00e7\u00e3o de grades e port\u00f5es m, o u de grade possui base e abas iguais. *Modelos dispon\u00edveis:<\/p>\n","protected":false},"featured_media":1357,"template":"","meta":[],"product_cat":[29,78],"product_tag":[],"class_list":{"0":"post-1355","1":"product","2":"type-product","3":"status-publish","4":"has-post-thumbnail","6":"product_cat-industria","7":"product_cat-u-de-grade","9":"first","10":"instock","11":"shipping-taxable","12":"product-type-simple"},"_links":{"self":[{"href":"https:\/\/metalshopping.com.br\/metalshopping\/index.php?rest_route=\/wp\/v2\/product\/1355","targetHints":{"allow":["GET"]}}],"collection":[{"href":"https:\/\/metalshopping.com.br\/metalshopping\/index.php?rest_route=\/wp\/v2\/product"}],"about":[{"href":"https:\/\/metalshopping.com.br\/metalshopping\/index.php?rest_route=\/wp\/v2\/types\/product"}],"wp:featuredmedia":[{"embeddable":true,"href":"https:\/\/metalshopping.com.br\/metalshopping\/index.php?rest_route=\/wp\/v2\/media\/1357"}],"wp:attachment":[{"href":"https:\/\/metalshopping.com.br\/metalshopping\/index.php?rest_route=%2Fwp%2Fv2%2Fmedia&parent=1355"}],"wp:term":[{"taxonomy":"product_cat","embeddable":true,"href":"https:\/\/metalshopping.com.br\/metalshopping\/index.php?rest_route=%2Fwp%2Fv2%2Fproduct_cat&post=1355"},{"taxonomy":"product_tag","embeddable":true,"href":"https:\/\/metalshopping.com.br\/metalshopping\/index.php?rest_route=%2Fwp%2Fv2%2Fproduct_tag&post=1355"}],"curies":[{"name":"wp","href":"https:\/\/api.w.org\/{rel}","templated":true}]}}