{"id":1371,"date":"2023-03-21T11:46:48","date_gmt":"2023-03-21T14:46:48","guid":{"rendered":"https:\/\/metalshopping.com.br\/metalshopping\/?post_type=product&#038;p=1371"},"modified":"2023-03-21T11:52:15","modified_gmt":"2023-03-21T14:52:15","slug":"barra-macica-quadrada","status":"publish","type":"product","link":"https:\/\/metalshopping.com.br\/metalshopping\/?product=barra-macica-quadrada","title":{"rendered":"Barra Maci\u00e7a Quadrada"},"content":{"rendered":"<p>A barra de ferro possui se\u00e7\u00e3o transversal quadrada e comprimento definido, oferecendo menor perda de material e facilitando o c\u00e1lculo da mat\u00e9ria-prima. \u00c9 empregada em grades, esquadrias, pe\u00e7as de m\u00e1quinas e implementos agr\u00edcolas e na ind\u00fastria em geral.<\/p>\n<p><strong>*Modelos dispon\u00edveis:<\/strong><\/p>\n<p><img loading=\"lazy\" decoding=\"async\" class=\"alignnone wp-image-1372 size-medium\" src=\"http:\/\/metalshopping.com.br\/metalshopping\/wp-content\/uploads\/2023\/03\/BARRA-MACICA-QUADRADA-TAB-300x173.png\" alt=\"\" width=\"300\" height=\"173\" srcset=\"https:\/\/metalshopping.com.br\/metalshopping\/wp-content\/uploads\/2023\/03\/BARRA-MACICA-QUADRADA-TAB-300x173.png 300w, https:\/\/metalshopping.com.br\/metalshopping\/wp-content\/uploads\/2023\/03\/BARRA-MACICA-QUADRADA-TAB-600x345.png 600w, https:\/\/metalshopping.com.br\/metalshopping\/wp-content\/uploads\/2023\/03\/BARRA-MACICA-QUADRADA-TAB.png 612w\" sizes=\"auto, (max-width: 300px) 100vw, 300px\" \/><\/p>\n","protected":false},"excerpt":{"rendered":"<p>A barra de ferro possui se\u00e7\u00e3o transversal quadrada e comprimento definido, oferecendo menor perda de material e facilitando o c\u00e1lculo da mat\u00e9ria-prima. \u00c9 empregada em grades, esquadrias, pe\u00e7as de m\u00e1quinas e implementos agr\u00edcolas e na ind\u00fastria em geral. *Modelos dispon\u00edveis:<\/p>\n","protected":false},"featured_media":1373,"template":"","meta":[],"product_cat":[82,29],"product_tag":[],"class_list":{"0":"post-1371","1":"product","2":"type-product","3":"status-publish","4":"has-post-thumbnail","6":"product_cat-barra-macica-quadrada","7":"product_cat-industria","9":"first","10":"instock","11":"shipping-taxable","12":"product-type-simple"},"_links":{"self":[{"href":"https:\/\/metalshopping.com.br\/metalshopping\/index.php?rest_route=\/wp\/v2\/product\/1371","targetHints":{"allow":["GET"]}}],"collection":[{"href":"https:\/\/metalshopping.com.br\/metalshopping\/index.php?rest_route=\/wp\/v2\/product"}],"about":[{"href":"https:\/\/metalshopping.com.br\/metalshopping\/index.php?rest_route=\/wp\/v2\/types\/product"}],"wp:featuredmedia":[{"embeddable":true,"href":"https:\/\/metalshopping.com.br\/metalshopping\/index.php?rest_route=\/wp\/v2\/media\/1373"}],"wp:attachment":[{"href":"https:\/\/metalshopping.com.br\/metalshopping\/index.php?rest_route=%2Fwp%2Fv2%2Fmedia&parent=1371"}],"wp:term":[{"taxonomy":"product_cat","embeddable":true,"href":"https:\/\/metalshopping.com.br\/metalshopping\/index.php?rest_route=%2Fwp%2Fv2%2Fproduct_cat&post=1371"},{"taxonomy":"product_tag","embeddable":true,"href":"https:\/\/metalshopping.com.br\/metalshopping\/index.php?rest_route=%2Fwp%2Fv2%2Fproduct_tag&post=1371"}],"curies":[{"name":"wp","href":"https:\/\/api.w.org\/{rel}","templated":true}]}}