{"id":1382,"date":"2023-03-21T16:10:27","date_gmt":"2023-03-21T19:10:27","guid":{"rendered":"https:\/\/metalshopping.com.br\/metalshopping\/?post_type=product&#038;p=1382"},"modified":"2026-04-15T08:44:40","modified_gmt":"2026-04-15T11:44:40","slug":"thinner","status":"publish","type":"product","link":"https:\/\/metalshopping.com.br\/metalshopping\/?product=thinner","title":{"rendered":"Thinner"},"content":{"rendered":"<p>O thinner \u00e9 um diluente adotado principalmente nos momentos de limpeza, devido \u00e0 sua alta capacidade de absor\u00e7\u00e3o. Seu uso tem tamb\u00e9m como finalidade tornar essas tintas mais l\u00edquidas, sem comprometer as suas caracter\u00edsticas.<\/p>\n<p>Esse produto \u00e9 capaz de\u00a0acelerar\u00a0a secagem e at\u00e9 de\u00a0comprometer\u00a0o brilho de tintas, portanto o thinner pode ser utilizado para dilui\u00e7\u00e3o de tintas mas n\u00e3o seria o mais indicado para utiliza\u00e7\u00f5es onde se pretende obter alta performance de acabamento.<\/p>\n<table style=\"height: 162px;\" width=\"272\" cellspacing=\"0\" cellpadding=\"0\">\n<tbody>\n<tr>\n<td valign=\"top\"><\/td>\n<td valign=\"top\"><span style=\"color: #000000; font-family: Helvetica Neue; font-size: small;\"><b>TAMANHO<\/b><\/span><\/td>\n<td valign=\"top\"><\/td>\n<td valign=\"top\"><\/td>\n<\/tr>\n<tr>\n<td valign=\"top\"><span style=\"color: #000000; font-family: Helvetica Neue; font-size: small;\"><b>THINNER<\/b><\/span><\/td>\n<td valign=\"top\"><span style=\"color: #000000; font-family: Helvetica Neue; font-size: small;\">900 ML<\/span><\/td>\n<td valign=\"top\"><\/td>\n<td valign=\"top\"><\/td>\n<\/tr>\n<tr>\n<td valign=\"top\"><span style=\"color: #000000; font-family: Helvetica Neue; font-size: small;\"><b>THINNER<\/b><\/span><\/td>\n<td valign=\"top\"><span style=\"color: #000000; font-family: Helvetica Neue; font-size: small;\">5 LITROS<\/span><\/td>\n<td valign=\"top\"><\/td>\n<td valign=\"top\"><\/td>\n<\/tr>\n<\/tbody>\n<\/table>\n","protected":false},"excerpt":{"rendered":"<p>O thinner \u00e9 um diluente adotado principalmente nos momentos de limpeza, devido \u00e0 sua alta capacidade de absor\u00e7\u00e3o. Seu uso tem tamb\u00e9m como finalidade tornar essas tintas mais l\u00edquidas, sem comprometer as suas caracter\u00edsticas. Esse produto \u00e9 capaz de\u00a0acelerar\u00a0a secagem e at\u00e9 de\u00a0comprometer\u00a0o brilho de tintas, portanto o thinner pode ser utilizado para dilui\u00e7\u00e3o de&#8230;<\/p>\n","protected":false},"featured_media":1479,"template":"","meta":[],"product_cat":[83],"product_tag":[],"class_list":{"0":"post-1382","1":"product","2":"type-product","3":"status-publish","4":"has-post-thumbnail","6":"product_cat-tintas-e-impermeabilizantes","8":"first","9":"instock","10":"shipping-taxable","11":"product-type-simple"},"_links":{"self":[{"href":"https:\/\/metalshopping.com.br\/metalshopping\/index.php?rest_route=\/wp\/v2\/product\/1382","targetHints":{"allow":["GET"]}}],"collection":[{"href":"https:\/\/metalshopping.com.br\/metalshopping\/index.php?rest_route=\/wp\/v2\/product"}],"about":[{"href":"https:\/\/metalshopping.com.br\/metalshopping\/index.php?rest_route=\/wp\/v2\/types\/product"}],"wp:featuredmedia":[{"embeddable":true,"href":"https:\/\/metalshopping.com.br\/metalshopping\/index.php?rest_route=\/wp\/v2\/media\/1479"}],"wp:attachment":[{"href":"https:\/\/metalshopping.com.br\/metalshopping\/index.php?rest_route=%2Fwp%2Fv2%2Fmedia&parent=1382"}],"wp:term":[{"taxonomy":"product_cat","embeddable":true,"href":"https:\/\/metalshopping.com.br\/metalshopping\/index.php?rest_route=%2Fwp%2Fv2%2Fproduct_cat&post=1382"},{"taxonomy":"product_tag","embeddable":true,"href":"https:\/\/metalshopping.com.br\/metalshopping\/index.php?rest_route=%2Fwp%2Fv2%2Fproduct_tag&post=1382"}],"curies":[{"name":"wp","href":"https:\/\/api.w.org\/{rel}","templated":true}]}}