{"id":1383,"date":"2023-03-21T16:12:14","date_gmt":"2023-03-21T19:12:14","guid":{"rendered":"https:\/\/metalshopping.com.br\/metalshopping\/?post_type=product&#038;p=1383"},"modified":"2026-04-15T08:45:21","modified_gmt":"2026-04-15T11:45:21","slug":"aguarras","status":"publish","type":"product","link":"https:\/\/metalshopping.com.br\/metalshopping\/?product=aguarras","title":{"rendered":"Aguarr\u00e1s"},"content":{"rendered":"<p>Aguarr\u00e1s \u00e9 um solvente org\u00e2nico que n\u00e3o se mistura com a \u00e1gua. Ele \u00e9 constitu\u00eddo de uma mistura de compostos apolares, que apresentam uma faixa de destila\u00e7\u00e3o de 150\u00b0C a 240\u00b0C.<\/p>\n<p>A aguarr\u00e1s \u00e9 usada em muitas aplica\u00e7\u00f5es industriais e dom\u00e9sticas, sendo muito importante na cadeia petroqu\u00edmica.<\/p>\n<p>\u00c9 um dos solventes mais usados na fabrica\u00e7\u00e3o de tinta a \u00f3leo, esmalte sint\u00e9tico e vernizes para madeira.\u00a0 Tamb\u00e9m \u00e9 usada na fabrica\u00e7\u00e3o de thinners, para dilui\u00e7\u00e3o e limpeza de respingos e de acess\u00f3rios de pintura, como pinc\u00e9is, bandejas e rolos.<\/p>\n<table style=\"height: 174px;\" width=\"304\" cellspacing=\"0\" cellpadding=\"0\">\n<tbody>\n<tr>\n<td valign=\"top\"><\/td>\n<td valign=\"top\"><span style=\"color: #000000; font-family: Helvetica Neue; font-size: small;\"><b>TAMANHO<\/b><\/span><\/td>\n<\/tr>\n<tr>\n<td valign=\"top\"><span style=\"color: #000000; font-family: Helvetica Neue; font-size: small;\"><b>AGUARRAZ MINERAL <\/b><\/span><\/td>\n<td valign=\"top\"><span style=\"color: #000000; font-family: Helvetica Neue; font-size: small;\">900 ML<\/span><\/td>\n<\/tr>\n<tr>\n<td valign=\"top\"><span style=\"color: #000000; font-family: Helvetica Neue; font-size: small;\"><b>AGUARRAZ MINERAL <\/b><\/span><\/td>\n<td valign=\"top\"><span style=\"color: #000000; font-family: Helvetica Neue; font-size: small;\">5 LITROS<\/span><\/td>\n<\/tr>\n<\/tbody>\n<\/table>\n","protected":false},"excerpt":{"rendered":"<p>Aguarr\u00e1s \u00e9 um solvente org\u00e2nico que n\u00e3o se mistura com a \u00e1gua. Ele \u00e9 constitu\u00eddo de uma mistura de compostos apolares, que apresentam uma faixa de destila\u00e7\u00e3o de 150\u00b0C a 240\u00b0C. A aguarr\u00e1s \u00e9 usada em muitas aplica\u00e7\u00f5es industriais e dom\u00e9sticas, sendo muito importante na cadeia petroqu\u00edmica. \u00c9 um dos solventes mais usados na fabrica\u00e7\u00e3o&#8230;<\/p>\n","protected":false},"featured_media":1480,"template":"","meta":[],"product_cat":[83],"product_tag":[],"class_list":{"0":"post-1383","1":"product","2":"type-product","3":"status-publish","4":"has-post-thumbnail","6":"product_cat-tintas-e-impermeabilizantes","8":"first","9":"instock","10":"shipping-taxable","11":"product-type-simple"},"_links":{"self":[{"href":"https:\/\/metalshopping.com.br\/metalshopping\/index.php?rest_route=\/wp\/v2\/product\/1383","targetHints":{"allow":["GET"]}}],"collection":[{"href":"https:\/\/metalshopping.com.br\/metalshopping\/index.php?rest_route=\/wp\/v2\/product"}],"about":[{"href":"https:\/\/metalshopping.com.br\/metalshopping\/index.php?rest_route=\/wp\/v2\/types\/product"}],"wp:featuredmedia":[{"embeddable":true,"href":"https:\/\/metalshopping.com.br\/metalshopping\/index.php?rest_route=\/wp\/v2\/media\/1480"}],"wp:attachment":[{"href":"https:\/\/metalshopping.com.br\/metalshopping\/index.php?rest_route=%2Fwp%2Fv2%2Fmedia&parent=1383"}],"wp:term":[{"taxonomy":"product_cat","embeddable":true,"href":"https:\/\/metalshopping.com.br\/metalshopping\/index.php?rest_route=%2Fwp%2Fv2%2Fproduct_cat&post=1383"},{"taxonomy":"product_tag","embeddable":true,"href":"https:\/\/metalshopping.com.br\/metalshopping\/index.php?rest_route=%2Fwp%2Fv2%2Fproduct_tag&post=1383"}],"curies":[{"name":"wp","href":"https:\/\/api.w.org\/{rel}","templated":true}]}}