{"id":1386,"date":"2023-03-21T17:53:39","date_gmt":"2023-03-21T20:53:39","guid":{"rendered":"https:\/\/metalshopping.com.br\/metalshopping\/?post_type=product&#038;p=1386"},"modified":"2026-03-13T12:14:24","modified_gmt":"2026-03-13T15:14:24","slug":"tecplus-top-quartzolit","status":"publish","type":"product","link":"https:\/\/metalshopping.com.br\/metalshopping\/?product=tecplus-top-quartzolit","title":{"rendered":"Tecplus Top Quartzolit"},"content":{"rendered":"<p><strong>Tecplus Top Quartzolit<\/strong>\u00a0\u00e9 uma argamassa ideal para \u00e1reas \u00famidas, que recebem \u00e1gua em abund\u00e2ncia como banheiros, cozinhas e \u00e1reas de servi\u00e7o, muros, rodap\u00e9s e jardineiras. Tamb\u00e9m pode ser aplicada em reservat\u00f3rios enterrados, funda\u00e7\u00f5es e alicerces.<\/p>\n<p>F\u00e1cil aplica\u00e7\u00e3o.<br \/>\nBicomponente (l\u00edquido+p\u00f3).<br \/>\nBloqueia a umidade proveniente do solo.<br \/>\nResistente \u00e0 press\u00e3o e contrapress\u00e3o e \u00e1gua.<br \/>\nN\u00e3o altera a potabilidade da \u00e1gua.<br \/>\nPode ser aplicado com trincha ou rolo.<br \/>\nEmbalagem: dispon\u00edvel em caixas de 4kg e 18kg.<br \/>\nCor: Cinza<\/p>\n","protected":false},"excerpt":{"rendered":"<p>Tecplus Top Quartzolit\u00a0\u00e9 uma argamassa ideal para \u00e1reas \u00famidas, que recebem \u00e1gua em abund\u00e2ncia como banheiros, cozinhas e \u00e1reas de servi\u00e7o, muros, rodap\u00e9s e jardineiras. Tamb\u00e9m pode ser aplicada em reservat\u00f3rios enterrados, funda\u00e7\u00f5es e alicerces. F\u00e1cil aplica\u00e7\u00e3o. Bicomponente (l\u00edquido+p\u00f3). Bloqueia a umidade proveniente do solo. Resistente \u00e0 press\u00e3o e contrapress\u00e3o e \u00e1gua. N\u00e3o altera a&#8230;<\/p>\n","protected":false},"featured_media":1387,"template":"","meta":[],"product_cat":[83],"product_tag":[],"class_list":{"0":"post-1386","1":"product","2":"type-product","3":"status-publish","4":"has-post-thumbnail","6":"product_cat-tintas-e-impermeabilizantes","8":"first","9":"instock","10":"shipping-taxable","11":"product-type-simple"},"_links":{"self":[{"href":"https:\/\/metalshopping.com.br\/metalshopping\/index.php?rest_route=\/wp\/v2\/product\/1386","targetHints":{"allow":["GET"]}}],"collection":[{"href":"https:\/\/metalshopping.com.br\/metalshopping\/index.php?rest_route=\/wp\/v2\/product"}],"about":[{"href":"https:\/\/metalshopping.com.br\/metalshopping\/index.php?rest_route=\/wp\/v2\/types\/product"}],"wp:featuredmedia":[{"embeddable":true,"href":"https:\/\/metalshopping.com.br\/metalshopping\/index.php?rest_route=\/wp\/v2\/media\/1387"}],"wp:attachment":[{"href":"https:\/\/metalshopping.com.br\/metalshopping\/index.php?rest_route=%2Fwp%2Fv2%2Fmedia&parent=1386"}],"wp:term":[{"taxonomy":"product_cat","embeddable":true,"href":"https:\/\/metalshopping.com.br\/metalshopping\/index.php?rest_route=%2Fwp%2Fv2%2Fproduct_cat&post=1386"},{"taxonomy":"product_tag","embeddable":true,"href":"https:\/\/metalshopping.com.br\/metalshopping\/index.php?rest_route=%2Fwp%2Fv2%2Fproduct_tag&post=1386"}],"curies":[{"name":"wp","href":"https:\/\/api.w.org\/{rel}","templated":true}]}}