{"id":1394,"date":"2023-03-24T15:20:08","date_gmt":"2023-03-24T18:20:08","guid":{"rendered":"https:\/\/metalshopping.com.br\/metalshopping\/?post_type=product&#038;p=1394"},"modified":"2023-03-24T15:21:19","modified_gmt":"2023-03-24T18:21:19","slug":"ferragem-armada","status":"publish","type":"product","link":"https:\/\/metalshopping.com.br\/metalshopping\/?product=ferragem-armada","title":{"rendered":"Ferragem Armada"},"content":{"rendered":"<p>A <strong>Ferragem Armada<\/strong> \u00e9 uma \u00f3tima op\u00e7\u00e3o para voc\u00ea que busca agilidade, praticidade e qualidade.<br \/>\nProduzimos sob medida, seguindo as orienta\u00e7\u00f5es do projeto.<br \/>\nGaranta a qualidade estrutural da sua obra com o nosso servi\u00e7o de montagem.<\/p>\n","protected":false},"excerpt":{"rendered":"<p>A Ferragem Armada \u00e9 uma \u00f3tima op\u00e7\u00e3o para voc\u00ea que busca agilidade, praticidade e qualidade. Produzimos sob medida, seguindo as orienta\u00e7\u00f5es do projeto. Garanta a qualidade estrutural da sua obra com o nosso servi\u00e7o de montagem.<\/p>\n","protected":false},"featured_media":1397,"template":"","meta":[],"product_cat":[85,69],"product_tag":[],"class_list":{"0":"post-1394","1":"product","2":"type-product","3":"status-publish","4":"has-post-thumbnail","6":"product_cat-ferragem-armada","7":"product_cat-servicos","9":"first","10":"instock","11":"shipping-taxable","12":"product-type-simple"},"_links":{"self":[{"href":"https:\/\/metalshopping.com.br\/metalshopping\/index.php?rest_route=\/wp\/v2\/product\/1394","targetHints":{"allow":["GET"]}}],"collection":[{"href":"https:\/\/metalshopping.com.br\/metalshopping\/index.php?rest_route=\/wp\/v2\/product"}],"about":[{"href":"https:\/\/metalshopping.com.br\/metalshopping\/index.php?rest_route=\/wp\/v2\/types\/product"}],"wp:featuredmedia":[{"embeddable":true,"href":"https:\/\/metalshopping.com.br\/metalshopping\/index.php?rest_route=\/wp\/v2\/media\/1397"}],"wp:attachment":[{"href":"https:\/\/metalshopping.com.br\/metalshopping\/index.php?rest_route=%2Fwp%2Fv2%2Fmedia&parent=1394"}],"wp:term":[{"taxonomy":"product_cat","embeddable":true,"href":"https:\/\/metalshopping.com.br\/metalshopping\/index.php?rest_route=%2Fwp%2Fv2%2Fproduct_cat&post=1394"},{"taxonomy":"product_tag","embeddable":true,"href":"https:\/\/metalshopping.com.br\/metalshopping\/index.php?rest_route=%2Fwp%2Fv2%2Fproduct_tag&post=1394"}],"curies":[{"name":"wp","href":"https:\/\/api.w.org\/{rel}","templated":true}]}}