{"id":1434,"date":"2026-03-20T15:39:22","date_gmt":"2026-03-20T18:39:22","guid":{"rendered":"https:\/\/metalshopping.com.br\/metalshopping\/?post_type=product&#038;p=1434"},"modified":"2026-03-20T16:40:00","modified_gmt":"2026-03-20T19:40:00","slug":"sikafill-rapido-branco","status":"publish","type":"product","link":"https:\/\/metalshopping.com.br\/metalshopping\/?product=sikafill-rapido-branco","title":{"rendered":"SikaFill R\u00e1pido Branco"},"content":{"rendered":"<p>O <strong>SikaFill R\u00e1pido <\/strong>\u00e9 um impermeabilizante \u00e0 base de resinas acr\u00edlicas el\u00e1sticas e flex\u00edveis e com microesferas polim\u00e9ricas, aplicado a frio, para impermeabiliza\u00e7\u00e3o de telhados, lajes e pisos de \u00e1reas frias.<\/p>\n<p><strong>Exemplos de aplica\u00e7\u00e3o:<\/strong> Telhados, lajes, fibrocimento e \u00e1reas expostas ao sol.<\/p>\n","protected":false},"excerpt":{"rendered":"<p>O SikaFill R\u00e1pido \u00e9 um impermeabilizante \u00e0 base de resinas acr\u00edlicas el\u00e1sticas e flex\u00edveis e com microesferas polim\u00e9ricas, aplicado a frio, para impermeabiliza\u00e7\u00e3o de telhados, lajes e pisos de \u00e1reas frias. Exemplos de aplica\u00e7\u00e3o: Telhados, lajes, fibrocimento e \u00e1reas expostas ao sol.<\/p>\n","protected":false},"featured_media":1442,"template":"","meta":[],"product_cat":[16,83],"product_tag":[],"class_list":{"0":"post-1434","1":"product","2":"type-product","3":"status-publish","4":"has-post-thumbnail","6":"product_cat-sem-categoria","7":"product_cat-tintas-e-impermeabilizantes","9":"first","10":"instock","11":"shipping-taxable","12":"product-type-simple"},"_links":{"self":[{"href":"https:\/\/metalshopping.com.br\/metalshopping\/index.php?rest_route=\/wp\/v2\/product\/1434","targetHints":{"allow":["GET"]}}],"collection":[{"href":"https:\/\/metalshopping.com.br\/metalshopping\/index.php?rest_route=\/wp\/v2\/product"}],"about":[{"href":"https:\/\/metalshopping.com.br\/metalshopping\/index.php?rest_route=\/wp\/v2\/types\/product"}],"wp:featuredmedia":[{"embeddable":true,"href":"https:\/\/metalshopping.com.br\/metalshopping\/index.php?rest_route=\/wp\/v2\/media\/1442"}],"wp:attachment":[{"href":"https:\/\/metalshopping.com.br\/metalshopping\/index.php?rest_route=%2Fwp%2Fv2%2Fmedia&parent=1434"}],"wp:term":[{"taxonomy":"product_cat","embeddable":true,"href":"https:\/\/metalshopping.com.br\/metalshopping\/index.php?rest_route=%2Fwp%2Fv2%2Fproduct_cat&post=1434"},{"taxonomy":"product_tag","embeddable":true,"href":"https:\/\/metalshopping.com.br\/metalshopping\/index.php?rest_route=%2Fwp%2Fv2%2Fproduct_tag&post=1434"}],"curies":[{"name":"wp","href":"https:\/\/api.w.org\/{rel}","templated":true}]}}