{"id":1435,"date":"2026-03-20T15:42:48","date_gmt":"2026-03-20T18:42:48","guid":{"rendered":"https:\/\/metalshopping.com.br\/metalshopping\/?post_type=product&#038;p=1435"},"modified":"2026-03-20T15:42:49","modified_gmt":"2026-03-20T18:42:49","slug":"igol-ecoasfalto","status":"publish","type":"product","link":"https:\/\/metalshopping.com.br\/metalshopping\/?product=igol-ecoasfalto","title":{"rendered":"Igol Ecoasfalto"},"content":{"rendered":"<p>Igol Ecoasfalto \u00e9 uma emuls\u00e3o de asfalto disperso em \u00e1gua, monocomponente, que apresenta a vantagem de poder ser aplicado em superf\u00edcies \u00famidas e secas, de f\u00e1cil aplica\u00e7\u00e3o e alto rendimento.<\/p>\n<p><strong>Exemplos de aplica\u00e7\u00e3o:<\/strong> Lajes, baldrames, \u00e1reas \u00famidas e funda\u00e7\u00f5es.<\/p>\n","protected":false},"excerpt":{"rendered":"<p>Igol Ecoasfalto \u00e9 uma emuls\u00e3o de asfalto disperso em \u00e1gua, monocomponente, que apresenta a vantagem de poder ser aplicado em superf\u00edcies \u00famidas e secas, de f\u00e1cil aplica\u00e7\u00e3o e alto rendimento. Exemplos de aplica\u00e7\u00e3o: Lajes, baldrames, \u00e1reas \u00famidas e funda\u00e7\u00f5es.<\/p>\n","protected":false},"featured_media":1436,"template":"","meta":[],"product_cat":[83],"product_tag":[],"class_list":{"0":"post-1435","1":"product","2":"type-product","3":"status-publish","4":"has-post-thumbnail","6":"product_cat-tintas-e-impermeabilizantes","8":"first","9":"instock","10":"shipping-taxable","11":"product-type-simple"},"_links":{"self":[{"href":"https:\/\/metalshopping.com.br\/metalshopping\/index.php?rest_route=\/wp\/v2\/product\/1435","targetHints":{"allow":["GET"]}}],"collection":[{"href":"https:\/\/metalshopping.com.br\/metalshopping\/index.php?rest_route=\/wp\/v2\/product"}],"about":[{"href":"https:\/\/metalshopping.com.br\/metalshopping\/index.php?rest_route=\/wp\/v2\/types\/product"}],"wp:featuredmedia":[{"embeddable":true,"href":"https:\/\/metalshopping.com.br\/metalshopping\/index.php?rest_route=\/wp\/v2\/media\/1436"}],"wp:attachment":[{"href":"https:\/\/metalshopping.com.br\/metalshopping\/index.php?rest_route=%2Fwp%2Fv2%2Fmedia&parent=1435"}],"wp:term":[{"taxonomy":"product_cat","embeddable":true,"href":"https:\/\/metalshopping.com.br\/metalshopping\/index.php?rest_route=%2Fwp%2Fv2%2Fproduct_cat&post=1435"},{"taxonomy":"product_tag","embeddable":true,"href":"https:\/\/metalshopping.com.br\/metalshopping\/index.php?rest_route=%2Fwp%2Fv2%2Fproduct_tag&post=1435"}],"curies":[{"name":"wp","href":"https:\/\/api.w.org\/{rel}","templated":true}]}}