{"id":1441,"date":"2026-03-20T15:48:29","date_gmt":"2026-03-20T18:48:29","guid":{"rendered":"https:\/\/metalshopping.com.br\/metalshopping\/?post_type=product&#038;p=1441"},"modified":"2026-03-20T16:38:03","modified_gmt":"2026-03-20T19:38:03","slug":"impersika","status":"publish","type":"product","link":"https:\/\/metalshopping.com.br\/metalshopping\/?product=impersika","title":{"rendered":"Impersika"},"content":{"rendered":"<p>A a\u00e7\u00e3o do Impersika n\u00e3o diminui com o tempo, isto \u00e9, seu efeito \u00e9 permanente.<br \/>\nMelhora a trabalhabilidade da argamassa sem aumentar, portanto al\u00e9m do efeito impermeabilizante, ImperSika plastifica a argamassa.<\/p>\n<p><strong>Exemplos de aplica\u00e7\u00e3o:<\/strong> Concretagens em funda\u00e7\u00f5es, pisos industriais e estruturas de grande porte.<\/p>\n","protected":false},"excerpt":{"rendered":"<p>A a\u00e7\u00e3o do Impersika n\u00e3o diminui com o tempo, isto \u00e9, seu efeito \u00e9 permanente. Melhora a trabalhabilidade da argamassa sem aumentar, portanto al\u00e9m do efeito impermeabilizante, ImperSika plastifica a argamassa. Exemplos de aplica\u00e7\u00e3o: Concretagens em funda\u00e7\u00f5es, pisos industriais e estruturas de grande porte.<\/p>\n","protected":false},"featured_media":1438,"template":"","meta":[],"product_cat":[16,83],"product_tag":[],"class_list":{"0":"post-1441","1":"product","2":"type-product","3":"status-publish","4":"has-post-thumbnail","6":"product_cat-sem-categoria","7":"product_cat-tintas-e-impermeabilizantes","9":"first","10":"instock","11":"shipping-taxable","12":"product-type-simple"},"_links":{"self":[{"href":"https:\/\/metalshopping.com.br\/metalshopping\/index.php?rest_route=\/wp\/v2\/product\/1441","targetHints":{"allow":["GET"]}}],"collection":[{"href":"https:\/\/metalshopping.com.br\/metalshopping\/index.php?rest_route=\/wp\/v2\/product"}],"about":[{"href":"https:\/\/metalshopping.com.br\/metalshopping\/index.php?rest_route=\/wp\/v2\/types\/product"}],"wp:featuredmedia":[{"embeddable":true,"href":"https:\/\/metalshopping.com.br\/metalshopping\/index.php?rest_route=\/wp\/v2\/media\/1438"}],"wp:attachment":[{"href":"https:\/\/metalshopping.com.br\/metalshopping\/index.php?rest_route=%2Fwp%2Fv2%2Fmedia&parent=1441"}],"wp:term":[{"taxonomy":"product_cat","embeddable":true,"href":"https:\/\/metalshopping.com.br\/metalshopping\/index.php?rest_route=%2Fwp%2Fv2%2Fproduct_cat&post=1441"},{"taxonomy":"product_tag","embeddable":true,"href":"https:\/\/metalshopping.com.br\/metalshopping\/index.php?rest_route=%2Fwp%2Fv2%2Fproduct_tag&post=1441"}],"curies":[{"name":"wp","href":"https:\/\/api.w.org\/{rel}","templated":true}]}}