{"id":1444,"date":"2026-03-26T15:28:09","date_gmt":"2026-03-26T18:28:09","guid":{"rendered":"https:\/\/metalshopping.com.br\/metalshopping\/?post_type=product&#038;p=1444"},"modified":"2026-03-26T15:29:24","modified_gmt":"2026-03-26T18:29:24","slug":"sika-concreto-forte","status":"publish","type":"product","link":"https:\/\/metalshopping.com.br\/metalshopping\/?product=sika-concreto-forte","title":{"rendered":"Sika Concreto Forte"},"content":{"rendered":"<p>Sika Concreto Forte \u00e9 um aditivo l\u00edquido plastificante e\/ou redutor de \u00e1gua de pega normal para concreto que permite trabalhar diversos tipos de concreto.<br \/>\n\u00c9 um aditivo compat\u00edvel com a maioria dos cimentos, n\u00e3o tendo nenhuma restri\u00e7\u00e3o pr\u00e9via quanto ao tipo do cimento.<\/p>\n<p><strong>Exemplos de aplica\u00e7\u00e3o:<\/strong> Concretagens em funda\u00e7\u00f5es, pisos industriais e<br \/>\nestruturas de grande porte.<\/p>\n","protected":false},"excerpt":{"rendered":"<p>Sika Concreto Forte \u00e9 um aditivo l\u00edquido plastificante e\/ou redutor de \u00e1gua de pega normal para concreto que permite trabalhar diversos tipos de concreto. \u00c9 um aditivo compat\u00edvel com a maioria dos cimentos, n\u00e3o tendo nenhuma restri\u00e7\u00e3o pr\u00e9via quanto ao tipo do cimento. Exemplos de aplica\u00e7\u00e3o: Concretagens em funda\u00e7\u00f5es, pisos industriais e estruturas de grande&#8230;<\/p>\n","protected":false},"featured_media":1445,"template":"","meta":[],"product_cat":[16,83],"product_tag":[],"class_list":{"0":"post-1444","1":"product","2":"type-product","3":"status-publish","4":"has-post-thumbnail","6":"product_cat-sem-categoria","7":"product_cat-tintas-e-impermeabilizantes","9":"first","10":"instock","11":"shipping-taxable","12":"product-type-simple"},"_links":{"self":[{"href":"https:\/\/metalshopping.com.br\/metalshopping\/index.php?rest_route=\/wp\/v2\/product\/1444","targetHints":{"allow":["GET"]}}],"collection":[{"href":"https:\/\/metalshopping.com.br\/metalshopping\/index.php?rest_route=\/wp\/v2\/product"}],"about":[{"href":"https:\/\/metalshopping.com.br\/metalshopping\/index.php?rest_route=\/wp\/v2\/types\/product"}],"wp:featuredmedia":[{"embeddable":true,"href":"https:\/\/metalshopping.com.br\/metalshopping\/index.php?rest_route=\/wp\/v2\/media\/1445"}],"wp:attachment":[{"href":"https:\/\/metalshopping.com.br\/metalshopping\/index.php?rest_route=%2Fwp%2Fv2%2Fmedia&parent=1444"}],"wp:term":[{"taxonomy":"product_cat","embeddable":true,"href":"https:\/\/metalshopping.com.br\/metalshopping\/index.php?rest_route=%2Fwp%2Fv2%2Fproduct_cat&post=1444"},{"taxonomy":"product_tag","embeddable":true,"href":"https:\/\/metalshopping.com.br\/metalshopping\/index.php?rest_route=%2Fwp%2Fv2%2Fproduct_tag&post=1444"}],"curies":[{"name":"wp","href":"https:\/\/api.w.org\/{rel}","templated":true}]}}