{"id":1450,"date":"2026-03-26T15:32:11","date_gmt":"2026-03-26T18:32:11","guid":{"rendered":"https:\/\/metalshopping.com.br\/metalshopping\/?post_type=product&#038;p=1450"},"modified":"2026-03-26T15:36:56","modified_gmt":"2026-03-26T18:36:56","slug":"sikanol-alvenaria","status":"publish","type":"product","link":"https:\/\/metalshopping.com.br\/metalshopping\/?product=sikanol-alvenaria","title":{"rendered":"Sikanol Alvenaria"},"content":{"rendered":"<p>Sikanol Alvenaria \u00e9 um aditivo de base sint\u00e9tica concentrado que proporciona \u00e0s argamassas frescas \u00f3tima liga e efeitos altamente plastificantes e estabilizadores, tornando-as com consist\u00eancia mais pl\u00e1stica e com constante lubrifica\u00e7\u00e3o.<\/p>\n<p><strong>Exemplos de aplica\u00e7\u00e3o:<\/strong> Argamassas de assentamento e reboco.<\/p>\n","protected":false},"excerpt":{"rendered":"<p>Sikanol Alvenaria \u00e9 um aditivo de base sint\u00e9tica concentrado que proporciona \u00e0s argamassas frescas \u00f3tima liga e efeitos altamente plastificantes e estabilizadores, tornando-as com consist\u00eancia mais pl\u00e1stica e com constante lubrifica\u00e7\u00e3o. Exemplos de aplica\u00e7\u00e3o: Argamassas de assentamento e reboco.<\/p>\n","protected":false},"featured_media":1451,"template":"","meta":[],"product_cat":[83],"product_tag":[],"class_list":{"0":"post-1450","1":"product","2":"type-product","3":"status-publish","4":"has-post-thumbnail","6":"product_cat-tintas-e-impermeabilizantes","8":"first","9":"instock","10":"shipping-taxable","11":"product-type-simple"},"_links":{"self":[{"href":"https:\/\/metalshopping.com.br\/metalshopping\/index.php?rest_route=\/wp\/v2\/product\/1450","targetHints":{"allow":["GET"]}}],"collection":[{"href":"https:\/\/metalshopping.com.br\/metalshopping\/index.php?rest_route=\/wp\/v2\/product"}],"about":[{"href":"https:\/\/metalshopping.com.br\/metalshopping\/index.php?rest_route=\/wp\/v2\/types\/product"}],"wp:featuredmedia":[{"embeddable":true,"href":"https:\/\/metalshopping.com.br\/metalshopping\/index.php?rest_route=\/wp\/v2\/media\/1451"}],"wp:attachment":[{"href":"https:\/\/metalshopping.com.br\/metalshopping\/index.php?rest_route=%2Fwp%2Fv2%2Fmedia&parent=1450"}],"wp:term":[{"taxonomy":"product_cat","embeddable":true,"href":"https:\/\/metalshopping.com.br\/metalshopping\/index.php?rest_route=%2Fwp%2Fv2%2Fproduct_cat&post=1450"},{"taxonomy":"product_tag","embeddable":true,"href":"https:\/\/metalshopping.com.br\/metalshopping\/index.php?rest_route=%2Fwp%2Fv2%2Fproduct_tag&post=1450"}],"curies":[{"name":"wp","href":"https:\/\/api.w.org\/{rel}","templated":true}]}}