{"id":1454,"date":"2026-03-26T15:38:48","date_gmt":"2026-03-26T18:38:48","guid":{"rendered":"https:\/\/metalshopping.com.br\/metalshopping\/?post_type=product&#038;p=1454"},"modified":"2026-03-26T15:39:29","modified_gmt":"2026-03-26T18:39:29","slug":"sikaflex-sela-plus","status":"publish","type":"product","link":"https:\/\/metalshopping.com.br\/metalshopping\/?product=sikaflex-sela-plus","title":{"rendered":"Sikaflex Sela Plus"},"content":{"rendered":"<p>Sela Plus \u00e9 um selante\/adesivo el\u00e1stico, monocomponente, a base de poliuretano que cura com a umidade do ar, sendo recomendado e adequado para veda\u00e7\u00e3o e colagem, oferecendo ader\u00eancia na maioria dos materiais da constru\u00e7\u00e3o civil.<\/p>\n<p><strong>Exemplos de aplica\u00e7\u00e3o:<\/strong> Veda\u00e7\u00e3o de juntas de dilata\u00e7\u00e3o em pisos, fachadas e<br \/>\nesquadrias.<\/p>\n","protected":false},"excerpt":{"rendered":"<p>Sela Plus \u00e9 um selante\/adesivo el\u00e1stico, monocomponente, a base de poliuretano que cura com a umidade do ar, sendo recomendado e adequado para veda\u00e7\u00e3o e colagem, oferecendo ader\u00eancia na maioria dos materiais da constru\u00e7\u00e3o civil. Exemplos de aplica\u00e7\u00e3o: Veda\u00e7\u00e3o de juntas de dilata\u00e7\u00e3o em pisos, fachadas e esquadrias.<\/p>\n","protected":false},"featured_media":1455,"template":"","meta":[],"product_cat":[16,83],"product_tag":[],"class_list":{"0":"post-1454","1":"product","2":"type-product","3":"status-publish","4":"has-post-thumbnail","6":"product_cat-sem-categoria","7":"product_cat-tintas-e-impermeabilizantes","9":"first","10":"instock","11":"shipping-taxable","12":"product-type-simple"},"_links":{"self":[{"href":"https:\/\/metalshopping.com.br\/metalshopping\/index.php?rest_route=\/wp\/v2\/product\/1454","targetHints":{"allow":["GET"]}}],"collection":[{"href":"https:\/\/metalshopping.com.br\/metalshopping\/index.php?rest_route=\/wp\/v2\/product"}],"about":[{"href":"https:\/\/metalshopping.com.br\/metalshopping\/index.php?rest_route=\/wp\/v2\/types\/product"}],"wp:featuredmedia":[{"embeddable":true,"href":"https:\/\/metalshopping.com.br\/metalshopping\/index.php?rest_route=\/wp\/v2\/media\/1455"}],"wp:attachment":[{"href":"https:\/\/metalshopping.com.br\/metalshopping\/index.php?rest_route=%2Fwp%2Fv2%2Fmedia&parent=1454"}],"wp:term":[{"taxonomy":"product_cat","embeddable":true,"href":"https:\/\/metalshopping.com.br\/metalshopping\/index.php?rest_route=%2Fwp%2Fv2%2Fproduct_cat&post=1454"},{"taxonomy":"product_tag","embeddable":true,"href":"https:\/\/metalshopping.com.br\/metalshopping\/index.php?rest_route=%2Fwp%2Fv2%2Fproduct_tag&post=1454"}],"curies":[{"name":"wp","href":"https:\/\/api.w.org\/{rel}","templated":true}]}}