{"id":1456,"date":"2026-03-26T15:40:41","date_gmt":"2026-03-26T18:40:41","guid":{"rendered":"https:\/\/metalshopping.com.br\/metalshopping\/?post_type=product&#038;p=1456"},"modified":"2026-03-26T15:40:41","modified_gmt":"2026-03-26T18:40:41","slug":"sikapur-epoxi","status":"publish","type":"product","link":"https:\/\/metalshopping.com.br\/metalshopping\/?product=sikapur-epoxi","title":{"rendered":"Sikapur Epoxi"},"content":{"rendered":"<p>Sikadur Epoxi \u00e9 um adesivo estrutural \u00e0 base de resina ep\u00f3xi, m\u00e9dia viscosidade (fluido), bi-componente e ader\u00eancia normal, formulado para colagem de concreto, argamassa, cimento-amianto, madeira, superf\u00edcies cer\u00e2micas, m\u00e1rmore, ep\u00f3xi e a\u00e7o.<\/p>\n<p><strong>Exemplos de aplica\u00e7\u00e3o:<\/strong> Recupera\u00e7\u00e3o de vigas, colagem de placas met\u00e1licas e<br \/>\nfixa\u00e7\u00e3o estrutural.<\/p>\n","protected":false},"excerpt":{"rendered":"<p>Sikadur Epoxi \u00e9 um adesivo estrutural \u00e0 base de resina ep\u00f3xi, m\u00e9dia viscosidade (fluido), bi-componente e ader\u00eancia normal, formulado para colagem de concreto, argamassa, cimento-amianto, madeira, superf\u00edcies cer\u00e2micas, m\u00e1rmore, ep\u00f3xi e a\u00e7o. Exemplos de aplica\u00e7\u00e3o: Recupera\u00e7\u00e3o de vigas, colagem de placas met\u00e1licas e fixa\u00e7\u00e3o estrutural.<\/p>\n","protected":false},"featured_media":1457,"template":"","meta":[],"product_cat":[83],"product_tag":[],"class_list":{"0":"post-1456","1":"product","2":"type-product","3":"status-publish","4":"has-post-thumbnail","6":"product_cat-tintas-e-impermeabilizantes","8":"first","9":"instock","10":"shipping-taxable","11":"product-type-simple"},"_links":{"self":[{"href":"https:\/\/metalshopping.com.br\/metalshopping\/index.php?rest_route=\/wp\/v2\/product\/1456","targetHints":{"allow":["GET"]}}],"collection":[{"href":"https:\/\/metalshopping.com.br\/metalshopping\/index.php?rest_route=\/wp\/v2\/product"}],"about":[{"href":"https:\/\/metalshopping.com.br\/metalshopping\/index.php?rest_route=\/wp\/v2\/types\/product"}],"wp:featuredmedia":[{"embeddable":true,"href":"https:\/\/metalshopping.com.br\/metalshopping\/index.php?rest_route=\/wp\/v2\/media\/1457"}],"wp:attachment":[{"href":"https:\/\/metalshopping.com.br\/metalshopping\/index.php?rest_route=%2Fwp%2Fv2%2Fmedia&parent=1456"}],"wp:term":[{"taxonomy":"product_cat","embeddable":true,"href":"https:\/\/metalshopping.com.br\/metalshopping\/index.php?rest_route=%2Fwp%2Fv2%2Fproduct_cat&post=1456"},{"taxonomy":"product_tag","embeddable":true,"href":"https:\/\/metalshopping.com.br\/metalshopping\/index.php?rest_route=%2Fwp%2Fv2%2Fproduct_tag&post=1456"}],"curies":[{"name":"wp","href":"https:\/\/api.w.org\/{rel}","templated":true}]}}