{"id":1458,"date":"2026-03-26T15:41:41","date_gmt":"2026-03-26T18:41:41","guid":{"rendered":"https:\/\/metalshopping.com.br\/metalshopping\/?post_type=product&#038;p=1458"},"modified":"2026-03-26T15:42:00","modified_gmt":"2026-03-26T18:42:00","slug":"kimanta","status":"publish","type":"product","link":"https:\/\/metalshopping.com.br\/metalshopping\/?product=kimanta","title":{"rendered":"Kimanta"},"content":{"rendered":"<p>Ciplak Kimanta Coberturas \u00e9 uma fita multiuso auto adesiva composta por uma camada de composto betuminoso adesivo, coberta por uma folha de alum\u00ednio e<br \/>\nprotegida na outra face por uma pel\u00edcula pl\u00e1stica remov\u00edvel.<\/p>\n<p><strong>Exemplos de aplica\u00e7\u00e3o:<\/strong> Lajes, coberturas e \u00e1reas expostas.<\/p>\n","protected":false},"excerpt":{"rendered":"<p>Ciplak Kimanta Coberturas \u00e9 uma fita multiuso auto adesiva composta por uma camada de composto betuminoso adesivo, coberta por uma folha de alum\u00ednio e protegida na outra face por uma pel\u00edcula pl\u00e1stica remov\u00edvel. Exemplos de aplica\u00e7\u00e3o: Lajes, coberturas e \u00e1reas expostas.<\/p>\n","protected":false},"featured_media":1459,"template":"","meta":[],"product_cat":[83],"product_tag":[],"class_list":{"0":"post-1458","1":"product","2":"type-product","3":"status-publish","4":"has-post-thumbnail","6":"product_cat-tintas-e-impermeabilizantes","8":"first","9":"instock","10":"shipping-taxable","11":"product-type-simple"},"_links":{"self":[{"href":"https:\/\/metalshopping.com.br\/metalshopping\/index.php?rest_route=\/wp\/v2\/product\/1458","targetHints":{"allow":["GET"]}}],"collection":[{"href":"https:\/\/metalshopping.com.br\/metalshopping\/index.php?rest_route=\/wp\/v2\/product"}],"about":[{"href":"https:\/\/metalshopping.com.br\/metalshopping\/index.php?rest_route=\/wp\/v2\/types\/product"}],"wp:featuredmedia":[{"embeddable":true,"href":"https:\/\/metalshopping.com.br\/metalshopping\/index.php?rest_route=\/wp\/v2\/media\/1459"}],"wp:attachment":[{"href":"https:\/\/metalshopping.com.br\/metalshopping\/index.php?rest_route=%2Fwp%2Fv2%2Fmedia&parent=1458"}],"wp:term":[{"taxonomy":"product_cat","embeddable":true,"href":"https:\/\/metalshopping.com.br\/metalshopping\/index.php?rest_route=%2Fwp%2Fv2%2Fproduct_cat&post=1458"},{"taxonomy":"product_tag","embeddable":true,"href":"https:\/\/metalshopping.com.br\/metalshopping\/index.php?rest_route=%2Fwp%2Fv2%2Fproduct_tag&post=1458"}],"curies":[{"name":"wp","href":"https:\/\/api.w.org\/{rel}","templated":true}]}}