{"id":1460,"date":"2026-03-26T15:42:24","date_gmt":"2026-03-26T18:42:24","guid":{"rendered":"https:\/\/metalshopping.com.br\/metalshopping\/?post_type=product&#038;p=1460"},"modified":"2026-03-26T15:44:47","modified_gmt":"2026-03-26T18:44:47","slug":"tinta-spray","status":"publish","type":"product","link":"https:\/\/metalshopping.com.br\/metalshopping\/?product=tinta-spray","title":{"rendered":"Tinta Spray"},"content":{"rendered":"<p>Funcionalidade: Tinta spray met\u00e1lica, pronta para uso, ideal para acabamento decorativo com efeito<br \/>\nmet\u00e1lico.<\/p>\n<p><strong>Exemplos de aplica\u00e7\u00e3o:<\/strong> Port\u00f5es, grades, esquadrias, m\u00f3veis e pequenas reformas.<\/p>\n","protected":false},"excerpt":{"rendered":"<p>Funcionalidade: Tinta spray met\u00e1lica, pronta para uso, ideal para acabamento decorativo com efeito met\u00e1lico. Exemplos de aplica\u00e7\u00e3o: Port\u00f5es, grades, esquadrias, m\u00f3veis e pequenas reformas.<\/p>\n","protected":false},"featured_media":1461,"template":"","meta":[],"product_cat":[16,83],"product_tag":[],"class_list":{"0":"post-1460","1":"product","2":"type-product","3":"status-publish","4":"has-post-thumbnail","6":"product_cat-sem-categoria","7":"product_cat-tintas-e-impermeabilizantes","9":"first","10":"instock","11":"shipping-taxable","12":"product-type-simple"},"_links":{"self":[{"href":"https:\/\/metalshopping.com.br\/metalshopping\/index.php?rest_route=\/wp\/v2\/product\/1460","targetHints":{"allow":["GET"]}}],"collection":[{"href":"https:\/\/metalshopping.com.br\/metalshopping\/index.php?rest_route=\/wp\/v2\/product"}],"about":[{"href":"https:\/\/metalshopping.com.br\/metalshopping\/index.php?rest_route=\/wp\/v2\/types\/product"}],"wp:featuredmedia":[{"embeddable":true,"href":"https:\/\/metalshopping.com.br\/metalshopping\/index.php?rest_route=\/wp\/v2\/media\/1461"}],"wp:attachment":[{"href":"https:\/\/metalshopping.com.br\/metalshopping\/index.php?rest_route=%2Fwp%2Fv2%2Fmedia&parent=1460"}],"wp:term":[{"taxonomy":"product_cat","embeddable":true,"href":"https:\/\/metalshopping.com.br\/metalshopping\/index.php?rest_route=%2Fwp%2Fv2%2Fproduct_cat&post=1460"},{"taxonomy":"product_tag","embeddable":true,"href":"https:\/\/metalshopping.com.br\/metalshopping\/index.php?rest_route=%2Fwp%2Fv2%2Fproduct_tag&post=1460"}],"curies":[{"name":"wp","href":"https:\/\/api.w.org\/{rel}","templated":true}]}}