{"id":1474,"date":"2026-03-26T16:40:11","date_gmt":"2026-03-26T19:40:11","guid":{"rendered":"https:\/\/metalshopping.com.br\/metalshopping\/?post_type=product&#038;p=1474"},"modified":"2026-03-26T16:40:11","modified_gmt":"2026-03-26T19:40:11","slug":"chapa-preta","status":"publish","type":"product","link":"https:\/\/metalshopping.com.br\/metalshopping\/?product=chapa-preta","title":{"rendered":"Chapa Preta"},"content":{"rendered":"<p>Resistente e f\u00e1cil de soldar.<\/p>\n<p><strong>Uso:<\/strong> estruturas, refor\u00e7os, pe\u00e7as de serralheria, port\u00f5es e suportes.<\/p>\n","protected":false},"excerpt":{"rendered":"<p>Resistente e f\u00e1cil de soldar. Uso: estruturas, refor\u00e7os, pe\u00e7as de serralheria, port\u00f5es e suportes.<\/p>\n","protected":false},"featured_media":1475,"template":"","meta":[],"product_cat":[29],"product_tag":[],"class_list":{"0":"post-1474","1":"product","2":"type-product","3":"status-publish","4":"has-post-thumbnail","6":"product_cat-industria","8":"first","9":"instock","10":"shipping-taxable","11":"product-type-simple"},"_links":{"self":[{"href":"https:\/\/metalshopping.com.br\/metalshopping\/index.php?rest_route=\/wp\/v2\/product\/1474","targetHints":{"allow":["GET"]}}],"collection":[{"href":"https:\/\/metalshopping.com.br\/metalshopping\/index.php?rest_route=\/wp\/v2\/product"}],"about":[{"href":"https:\/\/metalshopping.com.br\/metalshopping\/index.php?rest_route=\/wp\/v2\/types\/product"}],"wp:featuredmedia":[{"embeddable":true,"href":"https:\/\/metalshopping.com.br\/metalshopping\/index.php?rest_route=\/wp\/v2\/media\/1475"}],"wp:attachment":[{"href":"https:\/\/metalshopping.com.br\/metalshopping\/index.php?rest_route=%2Fwp%2Fv2%2Fmedia&parent=1474"}],"wp:term":[{"taxonomy":"product_cat","embeddable":true,"href":"https:\/\/metalshopping.com.br\/metalshopping\/index.php?rest_route=%2Fwp%2Fv2%2Fproduct_cat&post=1474"},{"taxonomy":"product_tag","embeddable":true,"href":"https:\/\/metalshopping.com.br\/metalshopping\/index.php?rest_route=%2Fwp%2Fv2%2Fproduct_tag&post=1474"}],"curies":[{"name":"wp","href":"https:\/\/api.w.org\/{rel}","templated":true}]}}