{"id":1476,"date":"2026-03-26T16:41:03","date_gmt":"2026-03-26T19:41:03","guid":{"rendered":"https:\/\/metalshopping.com.br\/metalshopping\/?post_type=product&#038;p=1476"},"modified":"2026-03-26T16:41:04","modified_gmt":"2026-03-26T19:41:04","slug":"chapa-inox-antiderrapante","status":"publish","type":"product","link":"https:\/\/metalshopping.com.br\/metalshopping\/?product=chapa-inox-antiderrapante","title":{"rendered":"Chapa Inox Antiderrapante"},"content":{"rendered":"<p>Leve e resistente \u00e0 corros\u00e3o, com relevo antiderrapante.<\/p>\n<p><strong>Uso:<\/strong> embarca\u00e7\u00f5es, plataformas m\u00f3veis, revestimentos decorativos.<\/p>\n","protected":false},"excerpt":{"rendered":"<p>Leve e resistente \u00e0 corros\u00e3o, com relevo antiderrapante. Uso: embarca\u00e7\u00f5es, plataformas m\u00f3veis, revestimentos decorativos.<\/p>\n","protected":false},"featured_media":1477,"template":"","meta":[],"product_cat":[29],"product_tag":[],"class_list":{"0":"post-1476","1":"product","2":"type-product","3":"status-publish","4":"has-post-thumbnail","6":"product_cat-industria","8":"first","9":"instock","10":"shipping-taxable","11":"product-type-simple"},"_links":{"self":[{"href":"https:\/\/metalshopping.com.br\/metalshopping\/index.php?rest_route=\/wp\/v2\/product\/1476","targetHints":{"allow":["GET"]}}],"collection":[{"href":"https:\/\/metalshopping.com.br\/metalshopping\/index.php?rest_route=\/wp\/v2\/product"}],"about":[{"href":"https:\/\/metalshopping.com.br\/metalshopping\/index.php?rest_route=\/wp\/v2\/types\/product"}],"wp:featuredmedia":[{"embeddable":true,"href":"https:\/\/metalshopping.com.br\/metalshopping\/index.php?rest_route=\/wp\/v2\/media\/1477"}],"wp:attachment":[{"href":"https:\/\/metalshopping.com.br\/metalshopping\/index.php?rest_route=%2Fwp%2Fv2%2Fmedia&parent=1476"}],"wp:term":[{"taxonomy":"product_cat","embeddable":true,"href":"https:\/\/metalshopping.com.br\/metalshopping\/index.php?rest_route=%2Fwp%2Fv2%2Fproduct_cat&post=1476"},{"taxonomy":"product_tag","embeddable":true,"href":"https:\/\/metalshopping.com.br\/metalshopping\/index.php?rest_route=%2Fwp%2Fv2%2Fproduct_tag&post=1476"}],"curies":[{"name":"wp","href":"https:\/\/api.w.org\/{rel}","templated":true}]}}